{"id":6182,"date":"2020-01-11T19:44:36","date_gmt":"2020-01-11T17:44:36","guid":{"rendered":"https:\/\/prosessiteekkarit.fi\/?page_id=6182"},"modified":"2025-11-05T20:30:15","modified_gmt":"2025-11-05T18:30:15","slug":"cancan","status":"publish","type":"page","link":"https:\/\/www.prosessiteekkarit.fi\/en\/cancan\/","title":{"rendered":"CanCan"},"content":{"rendered":"<p>[et_pb_section fb_built=&#8221;1&#8243; make_equal=&#8221;on&#8221; use_custom_gutter=&#8221;on&#8221; gutter_width=&#8221;1&#8243; specialty=&#8221;on&#8221; background_color_1=&#8221;#ffffff&#8221; background_color_2=&#8221;#ffffff&#8221; module_class_1=&#8221;sivupalkki_column&#8221; module_class_2=&#8221;sisalto_column&#8221; custom_css_main_1=&#8221;min-width: 250px;||max-width: 275px;||margin-right: 20px!important;&#8221; custom_css_main_2=&#8221;width: 100%&#8221; _builder_version=&#8221;4.16&#8243; background_color=&#8221;#ffffff&#8221; inner_width=&#8221;99%&#8221; inner_max_width=&#8221;99%&#8221; custom_padding=&#8221;0px|0px|0px|0px&#8221; use_custom_width=&#8221;on&#8221; width_unit=&#8221;off&#8221; custom_width_percent=&#8221;99%&#8221; global_colors_info=&#8221;{}&#8221;][et_pb_column type=&#8221;1_4&#8243; _builder_version=&#8221;4.16&#8243; custom_padding=&#8221;|||&#8221; global_colors_info=&#8221;{}&#8221; custom_padding__hover=&#8221;|||&#8221;][et_pb_sidebar area=&#8221;sidebar-1&#8243; show_border=&#8221;off&#8221; disabled_on=&#8221;on|on|&#8221; admin_label=&#8221;Sivupalkki&#8221; module_class=&#8221;sidebar&#8221; _builder_version=&#8221;4.16&#8243; body_font=&#8221;|700||on|||||&#8221; body_text_color=&#8221;#ffffff&#8221; body_font_size=&#8221;20px&#8221; body_letter_spacing=&#8221;3px&#8221; body_line_height=&#8221;1.5em&#8221; background_color=&#8221;#00965e&#8221; vertical_offset_tablet=&#8221;0&#8243; horizontal_offset_tablet=&#8221;0&#8243; text_orientation=&#8221;left&#8221; max_width_last_edited=&#8221;off|desktop&#8221; module_alignment=&#8221;left&#8221; min_height=&#8221;100%&#8221; custom_margin=&#8221;|||&#8221; custom_margin_last_edited=&#8221;off|desktop&#8221; custom_padding=&#8221;0px|0px|0px|33px&#8221; animation_style=&#8221;fade&#8221; animation_direction=&#8221;left&#8221; animation_duration=&#8221;800ms&#8221; z_index_tablet=&#8221;0&#8243; custom_css_main_element=&#8221;height: 100%;&#8221; header_text_shadow_horizontal_length_tablet=&#8221;0px&#8221; header_text_shadow_vertical_length_tablet=&#8221;0px&#8221; header_text_shadow_blur_strength_tablet=&#8221;1px&#8221; body_text_shadow_horizontal_length_tablet=&#8221;0px&#8221; body_text_shadow_vertical_length_tablet=&#8221;0px&#8221; body_text_shadow_blur_strength_tablet=&#8221;1px&#8221; border_color_right=&#8221;#330000&#8243; box_shadow_style=&#8221;preset6&#8243; box_shadow_horizontal_tablet=&#8221;0px&#8221; box_shadow_vertical_tablet=&#8221;0px&#8221; box_shadow_blur_tablet=&#8221;40px&#8221; box_shadow_spread_tablet=&#8221;0px&#8221; text_shadow_horizontal_length_tablet=&#8221;0px&#8221; text_shadow_vertical_length_tablet=&#8221;0px&#8221; text_shadow_blur_strength_tablet=&#8221;1px&#8221; collapsed=&#8221;off&#8221; global_colors_info=&#8221;{}&#8221;][\/et_pb_sidebar][\/et_pb_column][et_pb_column type=&#8221;3_4&#8243; specialty_columns=&#8221;3&#8243; _builder_version=&#8221;4.16&#8243; custom_padding=&#8221;|||&#8221; global_colors_info=&#8221;{}&#8221; custom_padding__hover=&#8221;|||&#8221;][et_pb_row_inner custom_padding_last_edited=&#8221;on|phone&#8221; admin_label=&#8221;Row&#8221; _builder_version=&#8221;4.16&#8243; background_color=&#8221;#ffffff&#8221; custom_margin_last_edited=&#8221;off|desktop&#8221; custom_padding=&#8221;30px|10px|0px|10px&#8221; custom_padding_tablet=&#8221;30px|15px|0px|15px&#8221; custom_padding_phone=&#8221;&#8221; animation_style=&#8221;slide&#8221; animation_direction=&#8221;top&#8221; global_colors_info=&#8221;{}&#8221;][et_pb_column_inner saved_specialty_column_type=&#8221;3_4&#8243; _builder_version=&#8221;4.16&#8243; custom_padding=&#8221;|||&#8221; global_colors_info=&#8221;{}&#8221; custom_padding__hover=&#8221;|||&#8221;][et_pb_post_title meta=&#8221;off&#8221; featured_image=&#8221;off&#8221; admin_label=&#8221;Otsikko&#8221; _builder_version=&#8221;4.16&#8243; custom_margin_tablet=&#8221;&#8221; custom_margin_phone=&#8221;&#8221; custom_margin_last_edited=&#8221;on|desktop&#8221; custom_padding=&#8221;|||&#8221; custom_padding_tablet=&#8221;|||&#8221; custom_padding_last_edited=&#8221;off|desktop&#8221; global_colors_info=&#8221;{}&#8221;][\/et_pb_post_title][\/et_pb_column_inner][\/et_pb_row_inner][et_pb_row_inner custom_padding_last_edited=&#8221;on|desktop&#8221; admin_label=&#8221;Row&#8221; _builder_version=&#8221;4.16&#8243; background_color=&#8221;#ffffff&#8221; custom_margin_last_edited=&#8221;off|desktop&#8221; custom_padding=&#8221;0px|10px|20px|10px&#8221; custom_padding_tablet=&#8221;0px|15px||15px&#8221; custom_padding_phone=&#8221;&#8221; animation_style=&#8221;fade&#8221; global_colors_info=&#8221;{}&#8221;][et_pb_column_inner saved_specialty_column_type=&#8221;3_4&#8243; _builder_version=&#8221;4.16&#8243; custom_padding=&#8221;|20px||&#8221; custom_padding_tablet=&#8221;|0px|30px|&#8221; custom_padding_phone=&#8221;&#8221; custom_padding_last_edited=&#8221;on|desktop&#8221; global_colors_info=&#8221;{}&#8221; custom_padding__hover=&#8221;|||&#8221;][et_pb_text admin_label=&#8221;Sis\u00e4lt\u00f6&#8221; _builder_version=&#8221;4.17.4&#8243; custom_padding_last_edited=&#8221;off|desktop&#8221; global_colors_info=&#8221;{}&#8221;]<\/p>\n<p><span style=\"font-weight: 400;\">PT&#8217;s own, legendary dance group CanCan is one of the most memorable fuksi year experiences! The group is open to anyone, and the what most performers have in common is a lack of experience in dance. This is no setback, because through freshman enthusiasm \u2013 and, at first, Youtube tutorials \u2013 we create astounding performances! These masterpieces have been performed to sitsi audiences on the stage of Servin M\u00f6kki, at various companies\u2019 pre-Christmas parties, and even to the masses at Tivoli!<\/span><\/p>\n<p><span style=\"font-weight: 400;\">You can only join CanCan during your fuksi year, and it is downright illegal to miss out on this experience. After fuksi year the spirit of CanCan lives on, and the greatest fans at performances are members from previous years. Rehearsals are flexible, and we practice mostly before performances and when learning new dance routines. Rehearsals have great team spirit, and the most challenging moves are repeated until everyone has them down. <\/span><\/p>\n<h2 class=\"content_box_header\"><\/h2>\n<h2 class=\"content_box_header\">request a performance<\/h2>\n<div class=\"content_box\">\n<p><span style=\"font-weight: 400;\">Are you looking for quality entertainment at a reasonable price for your event? CanCan is a safe bet for sitsit, bar parties, pre-Christmas parties, and so on \u2013 CanCan can be booked to perform anywhere!<\/span><\/p>\n<p><span style=\"font-weight: 400;\">Contact: cancan(at)prosessiteekkarit.fi<\/span><\/p>\n<\/div>\n<p>[\/et_pb_text][et_pb_text admin_label=&#8221;Sis\u00e4lt\u00f6&#8221; _builder_version=&#8221;4.16&#8243; custom_padding_last_edited=&#8221;off|desktop&#8221; global_colors_info=&#8221;{}&#8221;]<img loading=\"lazy\" decoding=\"async\" class=\"aligncenter size-full wp-image-3974\" src=\"http:\/\/www.prosessiteekkarit.fi\/wp-content\/uploads\/2020\/01\/cancan.jpg\" alt=\"\" width=\"640\" height=\"427\" srcset=\"https:\/\/www.prosessiteekkarit.fi\/wp-content\/uploads\/2020\/01\/cancan.jpg 640w, https:\/\/www.prosessiteekkarit.fi\/wp-content\/uploads\/2020\/01\/cancan-300x200.jpg 300w\" sizes=\"auto, (max-width: 640px) 100vw, 640px\" \/><br \/>\n[\/et_pb_text][\/et_pb_column_inner][\/et_pb_row_inner][\/et_pb_column][\/et_pb_section]<\/p>\n","protected":false},"excerpt":{"rendered":"<p>PT&#8217;s own, legendary dance group CanCan is one of the most memorable fuksi year experiences! The group is open to anyone, and the what most performers have in common is a lack of experience in dance. This is no setback, because through freshman enthusiasm \u2013 and, at first, Youtube tutorials \u2013 we create astounding performances! [&hellip;]<\/p>\n","protected":false},"author":1,"featured_media":0,"parent":0,"menu_order":0,"comment_status":"closed","ping_status":"closed","template":"","meta":{"_et_pb_use_builder":"on","_et_pb_old_content":"<p>[et_pb_section fb_built=\"1\" make_equal=\"on\" use_custom_gutter=\"on\" gutter_width=\"1\" specialty=\"on\" background_color_1=\"#ffffff\" background_color_2=\"#ffffff\" module_class_1=\"sivupalkki_column\" module_class_2=\"sisalto_column\" custom_css_main_1=\"min-width: 250px;||max-width: 275px;||margin-right: 20px!important;\" custom_css_main_2=\"width: 100%\" _builder_version=\"3.22\" background_color=\"#ffffff\" inner_width=\"99%\" inner_max_width=\"99%\" custom_padding=\"0px|0px|0px|0px\" use_custom_width=\"on\" width_unit=\"off\" custom_width_percent=\"99%\"][et_pb_column type=\"1_4\" _builder_version=\"3.25\" custom_padding=\"|||\" custom_padding__hover=\"|||\"][et_pb_sidebar area=\"sidebar-1\" show_border=\"off\" disabled_on=\"on|on|\" admin_label=\"Sivupalkki\" module_class=\"sidebar\" _builder_version=\"3.0.98\" body_font=\"|700||on|||||\" body_text_color=\"#ffffff\" body_font_size=\"20px\" body_letter_spacing=\"3px\" body_line_height=\"1.5em\" background_color=\"#ffffff\" text_orientation=\"left\" max_width_tablet=\"\" max_width_phone=\"\" max_width_last_edited=\"on|desktop\" module_alignment=\"left\" custom_margin=\"|||\" custom_margin_last_edited=\"off|desktop\" custom_padding=\"0px|0px|0px|33px\" animation_style=\"slide\" animation_direction=\"left\" custom_css_main_element=\"height: 100%;\" border_color_right=\"#330000\" box_shadow_style=\"preset6\" global_module=\"1584\" collapsed=\"off\"][\/et_pb_sidebar][\/et_pb_column][et_pb_column type=\"3_4\" specialty_columns=\"3\" _builder_version=\"3.25\" custom_padding=\"|||\" custom_padding__hover=\"|||\"][et_pb_row_inner custom_padding_last_edited=\"on|phone\" admin_label=\"Row\" _builder_version=\"3.25\" background_color=\"#ffffff\" custom_margin_last_edited=\"off|desktop\" custom_padding=\"30px|10px|0px|10px\" custom_padding_tablet=\"30px|15px|0px|15px\" custom_padding_phone=\"\" animation_style=\"slide\" animation_direction=\"top\"][et_pb_column_inner saved_specialty_column_type=\"3_4\" _builder_version=\"3.25\" custom_padding=\"|||\" custom_padding__hover=\"|||\"][et_pb_post_title meta=\"off\" featured_image=\"off\" admin_label=\"Otsikko\" _builder_version=\"3.0.98\" custom_margin_tablet=\"\" custom_margin_phone=\"\" custom_margin_last_edited=\"on|desktop\" custom_padding=\"|||\" custom_padding_tablet=\"|||\" custom_padding_last_edited=\"off|desktop\"][\/et_pb_post_title][\/et_pb_column_inner][\/et_pb_row_inner][et_pb_row_inner custom_padding_last_edited=\"on|desktop\" admin_label=\"Row\" _builder_version=\"3.25\" background_color=\"#ffffff\" custom_margin_last_edited=\"off|desktop\" custom_padding=\"0px|10px|20px|10px\" custom_padding_tablet=\"0px|15px||15px\" custom_padding_phone=\"\" animation_style=\"fade\"][et_pb_column_inner saved_specialty_column_type=\"3_4\" _builder_version=\"3.25\" custom_padding=\"|20px||\" custom_padding_tablet=\"|0px|30px|\" custom_padding_last_edited=\"on|desktop\" custom_padding__hover=\"|||\"][et_pb_text admin_label=\"Sis\u00e4lt\u00f6\" _builder_version=\"3.27.4\" text_orientation=\"justified\" custom_padding_last_edited=\"off|desktop\"]Tanssiryhm\u00e4 CanCan on yksi fuksivuoden mieleenpainuvimmista kokemuksista. Porukkaan kuuluu sek\u00e4 tytt\u00f6j\u00e4 ett\u00e4 poikia, ja melkeinp\u00e4 kaikkia yhdist\u00e4\u00e4 se, ettei tanssia ole sen suuremmin harrastettu. Tanssitaidon puute ei kuitenkaan haittaa, sill\u00e4 fuksi-innolla - ja aluksi Youtuben tutorial-videoilla - syntyy mahtavia esityksi\u00e4! N\u00e4it\u00e4 taideteoksia on esitetty Servin M\u00f6kin lavalla sitsikansalle, erilaisten yritysten pikkujouluissa ja jopa tuhatp\u00e4iselle Tivolin juhlakansalle. Tietenk\u00e4\u00e4n ei saa unohtaa hieman ep\u00e4virallisempia keikkoja fuksiristeilyll\u00e4 sek\u00e4 l\u00e4hes jokaisissa kotibileiss\u00e4!<\/p><p>CanCaniin voit liitty\u00e4 vain fuksivuotenasi, ja on suorastaan laitonta j\u00e4tt\u00e4\u00e4 t\u00e4m\u00e4 kokemus v\u00e4liin. Fuksivuoden j\u00e4lkeen ei kuitenkaan CanCan-henki katoa minnek\u00e4\u00e4n, vaan keikoilla suurimmat hurraajat ja mukanatanssijat ovat vanhoja j\u00e4seni\u00e4. Esityksiin treenaaminen on todella joustavaa, ja eniten harjoittelemme ennen keikkoja ja tietysti uusia tansseja muodostaessamme. Treeneiss\u00e4 on mahtava yhteishenki, ja vaikeimmatkin muuvit toistetaan niin pitk\u00e4\u00e4n, ett\u00e4 kaikki p\u00e4\u00e4sev\u00e4t k\u00e4rryille.<\/p><h2 class=\"content_box_header\">Keikkapyynn\u00f6t<\/h2><div class=\"content_box\"><p>Kaipaako j\u00e4rjest\u00e4m\u00e4si tapahtuma hieman viihdykett\u00e4 kohtuulliseen hintaan? CanCan on takuuvarma valinta esim. sitseille, baaribileisiin ja yritysten pikkujouluihin \u2013 CanCanin voit tilata esiintym\u00e4\u00e4n minne tahansa!<\/p><p>Ota yhteytt\u00e4:\u00a0cancan(at)prosessiteekkarit.fi<\/p><\/div><p>[\/et_pb_text][et_pb_text admin_label=\"Sis\u00e4lt\u00f6\" _builder_version=\"3.27.4\" custom_padding_last_edited=\"off|desktop\"]<img class=\"aligncenter size-full wp-image-3974\" src=\"http:\/\/www.prosessiteekkarit.fi\/wp-content\/uploads\/2020\/01\/cancan.jpg\" alt=\"\" width=\"640\" height=\"427\" \/><br \/>[\/et_pb_text][\/et_pb_column_inner][\/et_pb_row_inner][\/et_pb_column][\/et_pb_section]<\/p>","_et_gb_content_width":"","footnotes":""},"class_list":["post-6182","page","type-page","status-publish","hentry"],"_links":{"self":[{"href":"https:\/\/www.prosessiteekkarit.fi\/en\/wp-json\/wp\/v2\/pages\/6182","targetHints":{"allow":["GET"]}}],"collection":[{"href":"https:\/\/www.prosessiteekkarit.fi\/en\/wp-json\/wp\/v2\/pages"}],"about":[{"href":"https:\/\/www.prosessiteekkarit.fi\/en\/wp-json\/wp\/v2\/types\/page"}],"author":[{"embeddable":true,"href":"https:\/\/www.prosessiteekkarit.fi\/en\/wp-json\/wp\/v2\/users\/1"}],"replies":[{"embeddable":true,"href":"https:\/\/www.prosessiteekkarit.fi\/en\/wp-json\/wp\/v2\/comments?post=6182"}],"version-history":[{"count":6,"href":"https:\/\/www.prosessiteekkarit.fi\/en\/wp-json\/wp\/v2\/pages\/6182\/revisions"}],"predecessor-version":[{"id":15142,"href":"https:\/\/www.prosessiteekkarit.fi\/en\/wp-json\/wp\/v2\/pages\/6182\/revisions\/15142"}],"wp:attachment":[{"href":"https:\/\/www.prosessiteekkarit.fi\/en\/wp-json\/wp\/v2\/media?parent=6182"}],"curies":[{"name":"wp","href":"https:\/\/api.w.org\/{rel}","templated":true}]}}