{"id":6110,"date":"2018-06-08T13:45:38","date_gmt":"2018-06-08T10:45:38","guid":{"rendered":"https:\/\/prosessiteekkarit.fi\/?page_id=6110"},"modified":"2025-06-24T17:50:45","modified_gmt":"2025-06-24T14:50:45","slug":"hello-fuksi","status":"publish","type":"page","link":"https:\/\/www.prosessiteekkarit.fi\/en\/hello-fuksi\/","title":{"rendered":"Hello fuksi!"},"content":{"rendered":"<p>[et_pb_section fb_built=&#8221;1&#8243; make_equal=&#8221;on&#8221; use_custom_gutter=&#8221;on&#8221; gutter_width=&#8221;1&#8243; specialty=&#8221;on&#8221; background_color_1=&#8221;#ffffff&#8221; background_color_2=&#8221;#ffffff&#8221; module_class_1=&#8221;sivupalkki_column&#8221; module_class_2=&#8221;sisalto_column&#8221; custom_css_main_1=&#8221;min-width: 250px;||max-width: 275px;||margin-right: 20px!important;&#8221; custom_css_main_2=&#8221;width: 100%&#8221; _builder_version=&#8221;4.16&#8243; background_color=&#8221;#ffffff&#8221; inner_width=&#8221;99%&#8221; inner_max_width=&#8221;99%&#8221; custom_padding=&#8221;0px|0px|0px|0px&#8221; use_custom_width=&#8221;on&#8221; width_unit=&#8221;off&#8221; custom_width_percent=&#8221;99%&#8221; global_colors_info=&#8221;{}&#8221;][et_pb_column type=&#8221;1_4&#8243; _builder_version=&#8221;4.16&#8243; custom_padding=&#8221;|||&#8221; global_colors_info=&#8221;{}&#8221; custom_padding__hover=&#8221;|||&#8221;][et_pb_sidebar area=&#8221;sidebar-1&#8243; show_border=&#8221;off&#8221; disabled_on=&#8221;on|on|&#8221; admin_label=&#8221;Sivupalkki&#8221; module_class=&#8221;sidebar&#8221; _builder_version=&#8221;4.16&#8243; body_font=&#8221;|700||on|||||&#8221; body_text_color=&#8221;#ffffff&#8221; body_font_size=&#8221;20px&#8221; body_letter_spacing=&#8221;3px&#8221; body_line_height=&#8221;1.5em&#8221; background_color=&#8221;#00965e&#8221; vertical_offset_tablet=&#8221;0&#8243; horizontal_offset_tablet=&#8221;0&#8243; text_orientation=&#8221;left&#8221; max_width_last_edited=&#8221;off|desktop&#8221; module_alignment=&#8221;left&#8221; min_height=&#8221;100%&#8221; custom_margin=&#8221;|||&#8221; custom_margin_last_edited=&#8221;off|desktop&#8221; custom_padding=&#8221;0px|0px|0px|33px&#8221; animation_style=&#8221;fade&#8221; animation_direction=&#8221;left&#8221; animation_duration=&#8221;800ms&#8221; z_index_tablet=&#8221;0&#8243; custom_css_main_element=&#8221;height: 100%;&#8221; header_text_shadow_horizontal_length_tablet=&#8221;0px&#8221; header_text_shadow_vertical_length_tablet=&#8221;0px&#8221; header_text_shadow_blur_strength_tablet=&#8221;1px&#8221; body_text_shadow_horizontal_length_tablet=&#8221;0px&#8221; body_text_shadow_vertical_length_tablet=&#8221;0px&#8221; body_text_shadow_blur_strength_tablet=&#8221;1px&#8221; border_color_right=&#8221;#330000&#8243; box_shadow_style=&#8221;preset6&#8243; box_shadow_vertical=&#8221;-20px&#8221; box_shadow_spread=&#8221;5px&#8221; box_shadow_horizontal_tablet=&#8221;0px&#8221; box_shadow_vertical_tablet=&#8221;0px&#8221; box_shadow_blur_tablet=&#8221;40px&#8221; box_shadow_spread_tablet=&#8221;0px&#8221; text_shadow_horizontal_length_tablet=&#8221;0px&#8221; text_shadow_vertical_length_tablet=&#8221;0px&#8221; text_shadow_blur_strength_tablet=&#8221;1px&#8221; collapsed=&#8221;off&#8221; global_colors_info=&#8221;{}&#8221;][\/et_pb_sidebar][\/et_pb_column][et_pb_column type=&#8221;3_4&#8243; specialty_columns=&#8221;3&#8243; _builder_version=&#8221;4.16&#8243; custom_padding=&#8221;|||&#8221; global_colors_info=&#8221;{}&#8221; custom_padding__hover=&#8221;|||&#8221;][et_pb_row_inner custom_padding_last_edited=&#8221;on|phone&#8221; admin_label=&#8221;Row&#8221; _builder_version=&#8221;4.16&#8243; background_color=&#8221;#ffffff&#8221; custom_margin_last_edited=&#8221;off|desktop&#8221; custom_padding=&#8221;30px|10px|0px|10px&#8221; custom_padding_tablet=&#8221;30px|15px|0px|15px&#8221; custom_padding_phone=&#8221;&#8221; animation_style=&#8221;slide&#8221; animation_direction=&#8221;top&#8221; global_colors_info=&#8221;{}&#8221;][et_pb_column_inner saved_specialty_column_type=&#8221;3_4&#8243; _builder_version=&#8221;4.16&#8243; custom_padding=&#8221;|||&#8221; global_colors_info=&#8221;{}&#8221; custom_padding__hover=&#8221;|||&#8221;][et_pb_post_title meta=&#8221;off&#8221; featured_image=&#8221;off&#8221; admin_label=&#8221;Otsikko&#8221; _builder_version=&#8221;4.16&#8243; custom_margin_tablet=&#8221;&#8221; custom_margin_phone=&#8221;&#8221; custom_margin_last_edited=&#8221;on|desktop&#8221; custom_padding=&#8221;|||&#8221; custom_padding_tablet=&#8221;|||&#8221; custom_padding_last_edited=&#8221;off|desktop&#8221; global_colors_info=&#8221;{}&#8221;][\/et_pb_post_title][\/et_pb_column_inner][\/et_pb_row_inner][et_pb_row_inner column_structure=&#8221;1_2,1_2&#8243; custom_padding_last_edited=&#8221;on|desktop&#8221; admin_label=&#8221;Row&#8221; _builder_version=&#8221;4.16&#8243; background_color=&#8221;#ffffff&#8221; custom_margin_last_edited=&#8221;off|desktop&#8221; custom_padding=&#8221;0px|10px|20px|10px&#8221; custom_padding_tablet=&#8221;0px|15px||15px&#8221; custom_padding_phone=&#8221;&#8221; animation_style=&#8221;fade&#8221; global_colors_info=&#8221;{}&#8221;][et_pb_column_inner type=&#8221;1_2&#8243; saved_specialty_column_type=&#8221;3_4&#8243; _builder_version=&#8221;4.16&#8243; custom_padding=&#8221;|20px||&#8221; custom_padding_tablet=&#8221;|0px|30px|&#8221; custom_padding_phone=&#8221;&#8221; custom_padding_last_edited=&#8221;on|desktop&#8221; global_colors_info=&#8221;{}&#8221; custom_padding__hover=&#8221;|||&#8221;][et_pb_text admin_label=&#8221;Sis\u00e4lt\u00f6&#8221; _builder_version=&#8221;4.23.1&#8243; custom_padding_last_edited=&#8221;off|desktop&#8221; hover_enabled=&#8221;0&#8243; global_colors_info=&#8221;{}&#8221; sticky_enabled=&#8221;0&#8243;]<\/p>\n<p>Congratulations on your achievement and a warm welcome to Otaniemi! We are SelLeri, aka Selja and Valtteri, your fuksi captains! Our job is to guide you along your journey to become a teekkari (engineering student) as and to offer support throughout your first year of studies.<\/p>\n<p>This website will be updated later during the summer with useful information and tips for the coming year, so make sure to check back later! Check these pages for the new Fuksi Guide that contains all kinds of important information about your upcoming years!<\/p>\n<p>If you have any questions or concerns, or if you cannot attend the first day of Orientation on the 25th of August, please don&#8217;t hesitate to contact one of us. Enjoy your summer, and see you in the fall!<\/p>\n<p>Best regards<br \/><strong><img loading=\"lazy\" decoding=\"async\" class=\"wp-image-14191 alignnone size-medium\" src=\"http:\/\/www.prosessiteekkarit.fi\/wp-content\/uploads\/2025\/06\/Nimmarit-300x103.jpeg\" alt=\"\" width=\"300\" height=\"103\" \/>,SelLeri<\/strong><br \/>fuksipaallikot(at)prosessiteekkarit.fi<\/p>\n<p>[\/et_pb_text][et_pb_image src=&#8221;http:\/\/www.prosessiteekkarit.fi\/wp-content\/uploads\/2025\/06\/IMG_5450.jpeg&#8221; title_text=&#8221;IMG_5450&#8243; _builder_version=&#8221;4.23.1&#8243; _module_preset=&#8221;default&#8221; hover_enabled=&#8221;0&#8243; global_colors_info=&#8221;{}&#8221; sticky_enabled=&#8221;0&#8243;][\/et_pb_image][et_pb_text admin_label=&#8221;Sis\u00e4lt\u00f6&#8221; _builder_version=&#8221;4.23.1&#8243; custom_padding_last_edited=&#8221;off|desktop&#8221; global_colors_info=&#8221;{}&#8221;]<\/p>\n<p>Selja Auzeray<br \/>selja.auzeray(at)aalto.fi<br \/>TG: @seljankukkamehu<\/p>\n<p>Valtteri Lahti<br \/>valtteri.lahti(at)aalto.fi<br \/>TG: @jaltterillevallua<\/p>\n<p>P.S. Come to Warasl\u00e4ht\u00f6 (\u201dKick start\u201d) on the 17th of August at Ossinlampi which is located on Aalto University&#8217;s campus. You will get a chance to meet your fuksi buddies as well as older students before the start of orientation week!<\/p>\n<p>[\/et_pb_text][et_pb_text admin_label=&#8221;Sis\u00e4lt\u00f6&#8221; _builder_version=&#8221;4.23.1&#8243; global_colors_info=&#8221;{}&#8221;]<\/p>\n<h2 style=\"text-align: justify;\">Checklist<\/h2>\n<ul>\n<li>Accept your study place as instructed.<\/li>\n<li>Enroll as present in the university.<\/li>\n<li>Order a <a href=\"https:\/\/www.frank.fi\/en\/studentcard\/\">student card<\/a>.<\/li>\n<li>Find a roof over your head. For example, <a href=\"https:\/\/domo.ayy.fi\/en\">AYY<\/a> and <a href=\"https:\/\/www.hoas.fi\/en\/\">HOAS<\/a> offer apartments in Otaniemi. Remember to submit a <a href=\"https:\/\/www.posti.fi\/changeaddress\/\">notification of change of address<\/a> so that you can get an <a href=\"https:\/\/www.hsl.fi\/en\/information\/hsl-card\">HSL card<\/a>.<\/li>\n<li>Apply for housing allowance from KELA.<\/li>\n<li>Download the Telegram app on your phone and join the groups specified in the Fuksi Guide.<\/li>\n<li>Mark the Kick Start event on the 17.8. in your calendar.<\/li>\n<li>On Monday 25.8. take part in the programme organised by the school according to the schedule. Be ready to spend the entire day and evening getting acquainted and having fun! Orientation week is special, so we highly recommend for you to reserve the whole week off from other obligations.<\/li>\n<li>Familiarize yourself with the Prosessiteekkarit website and any materials you may have received.<\/li>\n<li>If you cannot attend on 25.8., are starting your military service, or have any other concerns, email or message your fuksi captains.<\/li>\n<li>Take time off and enjoy the summer! You will get an ample taste of studies and student life in the coming year!<\/li>\n<\/ul>\n<p>[\/et_pb_text][\/et_pb_column_inner][et_pb_column_inner type=&#8221;1_2&#8243; saved_specialty_column_type=&#8221;3_4&#8243; _builder_version=&#8221;4.16&#8243; custom_padding=&#8221;|||&#8221; custom_padding_tablet=&#8221;||30px|&#8221; custom_padding_phone=&#8221;&#8221; custom_padding_last_edited=&#8221;on|desktop&#8221; global_colors_info=&#8221;{}&#8221; custom_padding__hover=&#8221;|||&#8221;][et_pb_text admin_label=&#8221;Sis\u00e4lt\u00f6&#8221; _builder_version=&#8221;4.23.1&#8243; min_height=&#8221;57.8px&#8221; custom_padding_last_edited=&#8221;off|desktop&#8221; global_colors_info=&#8221;{}&#8221;]<\/p>\n<p>Download the Telegram app on your phone, add a nickname and join these groups!<\/p>\n<p style=\"text-align: center;\"><a href=\"https:\/\/t.me\/+ZN6uY5LAISQ0Mjdk\">PT Fuksit &#8217;25<\/a><\/p>\n<p style=\"text-align: center;\"><a href=\"https:\/\/t.me\/+MHc_so2xs-ljOGI0\">Chem Eng Fuksis &#8217;25, join here!<\/a><\/p>\n<p style=\"text-align: center;\"><a href=\"https:\/\/t.me\/+z6anfaTIcJhkM2Q8\">CapChannel &#8217;25<\/a><\/p>\n<p>[\/et_pb_text][\/et_pb_column_inner][\/et_pb_row_inner][\/et_pb_column][\/et_pb_section]<\/p>\n","protected":false},"excerpt":{"rendered":"<p>Congratulations on your achievement and a warm welcome to Otaniemi! We are SelLeri, aka Selja and Valtteri, your fuksi captains! Our job is to guide you along your journey to become a teekkari (engineering student) as and to offer support throughout your first year of studies. This website will be updated later during the summer [&hellip;]<\/p>\n","protected":false},"author":1,"featured_media":0,"parent":0,"menu_order":0,"comment_status":"closed","ping_status":"closed","template":"","meta":{"_et_pb_use_builder":"on","_et_pb_old_content":"<p>[et_pb_section fb_built=\"1\" make_equal=\"on\" use_custom_gutter=\"on\" gutter_width=\"1\" specialty=\"on\" background_color_1=\"#ffffff\" background_color_2=\"#ffffff\" module_class_1=\"sivupalkki_column\" module_class_2=\"sisalto_column\" custom_css_main_1=\"min-width: 250px;||max-width: 275px;||margin-right: 20px!important;\" custom_css_main_2=\"width: 100%\" _builder_version=\"3.22\" background_color=\"#ffffff\" inner_width=\"99%\" inner_max_width=\"99%\" custom_padding=\"0px|0px|0px|0px\" use_custom_width=\"on\" width_unit=\"off\" custom_width_percent=\"99%\"][et_pb_column type=\"1_4\" _builder_version=\"3.25\" custom_padding=\"|||\" custom_padding__hover=\"|||\"][et_pb_sidebar area=\"sidebar-1\" show_border=\"off\" disabled_on=\"on|on|\" admin_label=\"Sivupalkki\" module_class=\"sidebar\" _builder_version=\"4.4.6\" body_font=\"|700||on|||||\" body_text_color=\"#ffffff\" body_font_size=\"20px\" body_letter_spacing=\"3px\" body_line_height=\"1.5em\" background_color=\"#00965e\" vertical_offset_tablet=\"0\" horizontal_offset_tablet=\"0\" text_orientation=\"left\" max_width_last_edited=\"off|desktop\" module_alignment=\"left\" min_height=\"100%\" custom_margin=\"|||\" custom_margin_last_edited=\"off|desktop\" custom_padding=\"0px|0px|0px|33px\" animation_style=\"slide\" animation_direction=\"left\" z_index_tablet=\"0\" custom_css_main_element=\"height: 100%;\" header_text_shadow_horizontal_length_tablet=\"0px\" header_text_shadow_vertical_length_tablet=\"0px\" header_text_shadow_blur_strength_tablet=\"1px\" body_text_shadow_horizontal_length_tablet=\"0px\" body_text_shadow_vertical_length_tablet=\"0px\" body_text_shadow_blur_strength_tablet=\"1px\" border_color_right=\"#330000\" box_shadow_style=\"preset6\" box_shadow_vertical=\"-20px\" box_shadow_spread=\"5px\" box_shadow_horizontal_tablet=\"0px\" box_shadow_vertical_tablet=\"0px\" box_shadow_blur_tablet=\"40px\" box_shadow_spread_tablet=\"0px\" text_shadow_horizontal_length_tablet=\"0px\" text_shadow_vertical_length_tablet=\"0px\" text_shadow_blur_strength_tablet=\"1px\" global_module=\"1584\" collapsed=\"off\"]<\/p><p>[\/et_pb_sidebar][\/et_pb_column][et_pb_column type=\"3_4\" specialty_columns=\"3\" _builder_version=\"3.25\" custom_padding=\"|||\" custom_padding__hover=\"|||\"][et_pb_row_inner custom_padding_last_edited=\"on|phone\" admin_label=\"Row\" _builder_version=\"3.25\" background_color=\"#ffffff\" custom_margin_last_edited=\"off|desktop\" custom_padding=\"30px|10px|0px|10px\" custom_padding_tablet=\"30px|15px|0px|15px\" custom_padding_phone=\"\" animation_style=\"slide\" animation_direction=\"top\"][et_pb_column_inner saved_specialty_column_type=\"3_4\" _builder_version=\"3.25\" custom_padding=\"|||\" custom_padding__hover=\"|||\"][et_pb_post_title meta=\"off\" featured_image=\"off\" admin_label=\"Otsikko\" _builder_version=\"3.0.98\" custom_margin_tablet=\"\" custom_margin_phone=\"\" custom_margin_last_edited=\"on|desktop\" custom_padding=\"|||\" custom_padding_tablet=\"|||\" custom_padding_last_edited=\"off|desktop\"]\u00a0<br \/>[\/et_pb_post_title][\/et_pb_column_inner][\/et_pb_row_inner][et_pb_row_inner column_structure=\"1_2,1_2\" custom_padding_last_edited=\"on|desktop\" admin_label=\"Row\" _builder_version=\"3.25\" background_color=\"#ffffff\" custom_margin_last_edited=\"off|desktop\" custom_padding=\"0px|10px|20px|10px\" custom_padding_tablet=\"0px|15px||15px\" custom_padding_phone=\"\" animation_style=\"fade\"][et_pb_column_inner type=\"1_2\" saved_specialty_column_type=\"3_4\" _builder_version=\"3.25\" custom_padding=\"|20px||\" custom_padding_tablet=\"|0px|30px|\" custom_padding_phone=\"\" custom_padding_last_edited=\"on|desktop\" custom_padding__hover=\"|||\"][et_pb_text admin_label=\"Sis\u00e4lt\u00f6\" _builder_version=\"4.4.7\" custom_padding_last_edited=\"off|desktop\" hover_enabled=\"0\"]<\/p><p>Onnittelut hienosta saavutuksestasi ja tervetuloa Otaniemeen! Me olemme ValtRa eli Valtteri ja Laura, sinun fuksip\u00e4\u00e4llikk\u00f6si. Teht\u00e4v\u00e4mme on opastaa Sinua matkallasi teekkariuteen ja olla muutenkin tukenasi koko ensimm\u00e4isen vuotesi ajan.<\/p><p>Fuksioppaasta l\u00f6yd\u00e4t monenlaisia hyvi\u00e4 ohjeita ja tietoja tulevaa vuottasi varten. Lue se siis ajatuksella l\u00e4pi ja palaa siihen aina tarvittaessa. Opas postitetaan sinulle my\u00f6s paperisena versiona ennen syksy\u00e4. Jos mieleesi nousee kysymyksi\u00e4, jokin asia painaa tai et p\u00e4\u00e4se paikalle orientaatioviikon ensimm\u00e4isen\u00e4 p\u00e4iv\u00e4n\u00e4 31.8., ole yhteydess\u00e4 kumpaan tahansa meist\u00e4. Nauti kes\u00e4st\u00e4, n\u00e4hd\u00e4\u00e4n syksyll\u00e4!<\/p><p>Terveisin,<br \/>ValtRa<br \/>fuksipaallikot(at)prosessiteekkarit.fi<\/p><p><a href=\"http:\/\/www.prosessiteekkarit.fi\/wp-content\/uploads\/2020\/05\/Nettisivukuva-scaled.jpg\"><img class=\"wp-image-5852 alignnone size-medium\" src=\"http:\/\/www.prosessiteekkarit.fi\/wp-content\/uploads\/2020\/05\/Nettisivukuva-200x300.jpg\" alt=\"\" width=\"200\" height=\"300\" \/><\/a><\/p><p>Valtteri Siira<br \/>valtteri.siira(at)aalto.fi<br \/>TG: @valtterisiira<\/p><p>Laura Lukkarila<br \/>laura.lukkarila(at)aalto.fi<br \/>TG: @lauralukkarila<\/p><p>P.S. Tule my\u00f6s Warasl\u00e4ht\u00f6\u00f6n 22.8. Alvarin aukiolle. Siell\u00e4 p\u00e4\u00e4set tutustumaan fuksitovereihisi ja vanhempiin opiskelijoihin jo ennen orientaatioviikon alkua!<\/p><p>[\/et_pb_text][\/et_pb_column_inner][et_pb_column_inner type=\"1_2\" saved_specialty_column_type=\"3_4\" _builder_version=\"3.25\" custom_padding=\"|||\" custom_padding_tablet=\"||30px|\" custom_padding_phone=\"\" custom_padding_last_edited=\"on|desktop\" custom_padding__hover=\"|||\"][et_pb_text admin_label=\"Sis\u00e4lt\u00f6\" _builder_version=\"4.4.7\" hover_enabled=\"0\"]<\/p><h2 style=\"text-align: justify;\">Muistilista<\/h2><ul><li style=\"font-weight: 400;\"><span style=\"font-weight: 400;\">Ota opiskelupaikka vastaan ohjeiden mukaan.<\/span><\/li><li style=\"font-weight: 400;\"><span style=\"font-weight: 400;\">Ilmoittaudu l\u00e4sn\u00e4olevaksi yliopistoon ja liity Prosessiteekkareiden j\u00e4seneksi. Prosessiteekkareiden j\u00e4seneksi voit liitty\u00e4 J\u00e4seneksi- osiosta. Ota kuitit talteen!<\/span><\/li><li style=\"font-weight: 400;\"><span style=\"font-weight: 400;\">Tilaa <\/span><a href=\"https:\/\/www.frank.fi\/opiskelijakortti\/\"><span style=\"font-weight: 400;\">opiskelijakortti<\/span><\/a><span style=\"font-weight: 400;\">.<\/span><\/li><li style=\"font-weight: 400;\"><span style=\"font-weight: 400;\">Hanki katto p\u00e4\u00e4si p\u00e4\u00e4lle. Esimerkiksi <\/span><a href=\"https:\/\/domo.ayy.fi\/\"><span style=\"font-weight: 400;\">AYY:lt\u00e4<\/span><\/a><span style=\"font-weight: 400;\"> ja <\/span><a href=\"https:\/\/www.hoas.fi\/\"><span style=\"font-weight: 400;\">HOAS:lta<\/span><\/a><span style=\"font-weight: 400;\"> saa asuntoja Otaniemest\u00e4. Muista tehd\u00e4 <\/span><a href=\"https:\/\/www.posti.fi\/muuttoilmoitus\/\"><span style=\"font-weight: 400;\">muuttoilmoitus<\/span><\/a><span style=\"font-weight: 400;\">, jotta saat <\/span><a href=\"https:\/\/www.hsl.fi\/ohjeita-ja-tietoja\/matkakortti\"><span style=\"font-weight: 400;\">HSL-matkakortin<\/span><\/a><span style=\"font-weight: 400;\">.<\/span><\/li><li style=\"font-weight: 400;\"><span style=\"font-weight: 400;\">Hae opintorahaa ja asumistukea KELA:sta.<\/span><\/li><li style=\"font-weight: 400;\"><span style=\"font-weight: 400;\">Liity Facebookissa ryhm\u00e4\u00e4n <\/span><span style=\"font-weight: 400;\">PT-fuksit 2020.<\/span><\/li><li style=\"font-weight: 400;\"><span style=\"font-weight: 400;\">Lataa Telegram sovellus ja liity ryhmiin PT-fuksi 2020 sek\u00e4 P\u00e4lekannu 2020.<\/span><\/li><li style=\"font-weight: 400;\"><span style=\"font-weight: 400;\">Saavu maanantaina 31.8. ajoissa Kemian Tekniikan talon p\u00e4\u00e4aulaan (Kemistintie 1, metroaseman puoleinen aula). Varaudu viett\u00e4m\u00e4\u00e4n koko p\u00e4iv\u00e4 ja ilta paikkoihin tutustumisen ja yhteisen kivan parissa. Orientaatioviikko on ainutlaatuinen, joten suosittelemme varaamaan koko viikon vapaaksi.<\/span><\/li><li style=\"font-weight: 400;\"><span style=\"font-weight: 400;\">Tutustu saamiisi materiaaleihin ja Prosessiteekkareiden nettisivuihin.\u00a0<\/span><\/li><li style=\"font-weight: 400;\"><span style=\"font-weight: 400;\">Jos et p\u00e4\u00e4se paikalle 2.9., olet l\u00e4hd\u00f6ss\u00e4 armeijaan tai ilmenee muita ongelmia, l\u00e4het\u00e4 s\u00e4hk\u00f6postia tai viesti\u00e4 fuksip\u00e4\u00e4llik\u00f6ille.<\/span><\/li><li style=\"font-weight: 400;\"><span style=\"font-weight: 400;\">Viet\u00e4 lomaa ja nauti kes\u00e4st\u00e4! Tulevana vuotena sinulle on tarjolla riitt\u00e4v\u00e4sti opiskelua ja opiskelijan el\u00e4m\u00e4\u00e4!<\/span><\/li><\/ul><p>[\/et_pb_text][\/et_pb_column_inner][\/et_pb_row_inner][\/et_pb_column][\/et_pb_section]<\/p>","_et_gb_content_width":"","footnotes":""},"class_list":["post-6110","page","type-page","status-publish","hentry"],"_links":{"self":[{"href":"https:\/\/www.prosessiteekkarit.fi\/en\/wp-json\/wp\/v2\/pages\/6110","targetHints":{"allow":["GET"]}}],"collection":[{"href":"https:\/\/www.prosessiteekkarit.fi\/en\/wp-json\/wp\/v2\/pages"}],"about":[{"href":"https:\/\/www.prosessiteekkarit.fi\/en\/wp-json\/wp\/v2\/types\/page"}],"author":[{"embeddable":true,"href":"https:\/\/www.prosessiteekkarit.fi\/en\/wp-json\/wp\/v2\/users\/1"}],"replies":[{"embeddable":true,"href":"https:\/\/www.prosessiteekkarit.fi\/en\/wp-json\/wp\/v2\/comments?post=6110"}],"version-history":[{"count":22,"href":"https:\/\/www.prosessiteekkarit.fi\/en\/wp-json\/wp\/v2\/pages\/6110\/revisions"}],"predecessor-version":[{"id":14195,"href":"https:\/\/www.prosessiteekkarit.fi\/en\/wp-json\/wp\/v2\/pages\/6110\/revisions\/14195"}],"wp:attachment":[{"href":"https:\/\/www.prosessiteekkarit.fi\/en\/wp-json\/wp\/v2\/media?parent=6110"}],"curies":[{"name":"wp","href":"https:\/\/api.w.org\/{rel}","templated":true}]}}