{"id":6074,"date":"2018-08-09T08:50:16","date_gmt":"2018-08-09T05:50:16","guid":{"rendered":"https:\/\/prosessiteekkarit.fi\/?page_id=6074"},"modified":"2024-02-01T15:43:19","modified_gmt":"2024-02-01T13:43:19","slug":"membership","status":"publish","type":"page","link":"https:\/\/www.prosessiteekkarit.fi\/en\/membership\/","title":{"rendered":"Become a Member"},"content":{"rendered":"<p>[et_pb_section fb_built=&#8221;1&#8243; make_equal=&#8221;on&#8221; use_custom_gutter=&#8221;on&#8221; gutter_width=&#8221;1&#8243; specialty=&#8221;on&#8221; background_color_1=&#8221;#ffffff&#8221; background_color_2=&#8221;#ffffff&#8221; module_class_1=&#8221;sivupalkki_column&#8221; module_class_2=&#8221;sisalto_column&#8221; custom_css_main_1=&#8221;min-width: 250px;||max-width: 275px;||margin-right: 20px!important;&#8221; custom_css_main_2=&#8221;width: 100%&#8221; _builder_version=&#8221;4.16&#8243; background_color=&#8221;#ffffff&#8221; inner_width=&#8221;99%&#8221; inner_max_width=&#8221;99%&#8221; custom_padding=&#8221;0px|0px|0px|0px&#8221; use_custom_width=&#8221;on&#8221; width_unit=&#8221;off&#8221; custom_width_percent=&#8221;99%&#8221; global_colors_info=&#8221;{}&#8221;][et_pb_column type=&#8221;1_4&#8243; _builder_version=&#8221;4.16&#8243; custom_padding=&#8221;|||&#8221; global_colors_info=&#8221;{}&#8221; custom_padding__hover=&#8221;|||&#8221;][et_pb_sidebar area=&#8221;sidebar-1&#8243; show_border=&#8221;off&#8221; disabled_on=&#8221;on|on|&#8221; admin_label=&#8221;Sivupalkki&#8221; module_class=&#8221;sidebar&#8221; _builder_version=&#8221;4.16&#8243; body_font=&#8221;|700||on|||||&#8221; body_text_color=&#8221;#ffffff&#8221; body_font_size=&#8221;20px&#8221; body_letter_spacing=&#8221;3px&#8221; body_line_height=&#8221;1.5em&#8221; background_color=&#8221;#00965e&#8221; vertical_offset_tablet=&#8221;0&#8243; horizontal_offset_tablet=&#8221;0&#8243; text_orientation=&#8221;left&#8221; max_width_last_edited=&#8221;off|desktop&#8221; module_alignment=&#8221;left&#8221; min_height=&#8221;100%&#8221; custom_margin=&#8221;|||&#8221; custom_margin_last_edited=&#8221;off|desktop&#8221; custom_padding=&#8221;0px|0px|0px|33px&#8221; animation_style=&#8221;fade&#8221; animation_direction=&#8221;left&#8221; animation_duration=&#8221;800ms&#8221; z_index_tablet=&#8221;0&#8243; custom_css_main_element=&#8221;height: 100%;&#8221; header_text_shadow_horizontal_length_tablet=&#8221;0px&#8221; header_text_shadow_vertical_length_tablet=&#8221;0px&#8221; header_text_shadow_blur_strength_tablet=&#8221;1px&#8221; body_text_shadow_horizontal_length_tablet=&#8221;0px&#8221; body_text_shadow_vertical_length_tablet=&#8221;0px&#8221; body_text_shadow_blur_strength_tablet=&#8221;1px&#8221; border_color_right=&#8221;#330000&#8243; box_shadow_style=&#8221;preset6&#8243; box_shadow_horizontal_tablet=&#8221;0px&#8221; box_shadow_vertical_tablet=&#8221;0px&#8221; box_shadow_blur_tablet=&#8221;40px&#8221; box_shadow_spread_tablet=&#8221;0px&#8221; text_shadow_horizontal_length_tablet=&#8221;0px&#8221; text_shadow_vertical_length_tablet=&#8221;0px&#8221; text_shadow_blur_strength_tablet=&#8221;1px&#8221; collapsed=&#8221;off&#8221; global_colors_info=&#8221;{}&#8221;][\/et_pb_sidebar][\/et_pb_column][et_pb_column type=&#8221;3_4&#8243; specialty_columns=&#8221;3&#8243; _builder_version=&#8221;4.16&#8243; custom_padding=&#8221;|||&#8221; global_colors_info=&#8221;{}&#8221; custom_padding__hover=&#8221;|||&#8221;][et_pb_row_inner custom_padding_last_edited=&#8221;on|phone&#8221; admin_label=&#8221;Row&#8221; _builder_version=&#8221;4.16&#8243; background_color=&#8221;#ffffff&#8221; custom_margin_last_edited=&#8221;off|desktop&#8221; custom_padding=&#8221;30px|10px|0px|10px&#8221; custom_padding_tablet=&#8221;30px|15px|0px|15px&#8221; custom_padding_phone=&#8221;&#8221; animation_style=&#8221;slide&#8221; animation_direction=&#8221;top&#8221; global_colors_info=&#8221;{}&#8221;][et_pb_column_inner saved_specialty_column_type=&#8221;3_4&#8243; _builder_version=&#8221;4.16&#8243; custom_padding=&#8221;|||&#8221; global_colors_info=&#8221;{}&#8221; custom_padding__hover=&#8221;|||&#8221;][et_pb_post_title meta=&#8221;off&#8221; featured_image=&#8221;off&#8221; admin_label=&#8221;Otsikko&#8221; _builder_version=&#8221;4.16&#8243; custom_margin_tablet=&#8221;&#8221; custom_margin_phone=&#8221;&#8221; custom_margin_last_edited=&#8221;on|desktop&#8221; custom_padding=&#8221;|||&#8221; custom_padding_tablet=&#8221;|||&#8221; custom_padding_last_edited=&#8221;off|desktop&#8221; global_colors_info=&#8221;{}&#8221;][\/et_pb_post_title][\/et_pb_column_inner][\/et_pb_row_inner][et_pb_row_inner custom_padding_last_edited=&#8221;on|desktop&#8221; admin_label=&#8221;Row&#8221; _builder_version=&#8221;4.16&#8243; background_color=&#8221;#ffffff&#8221; custom_margin_last_edited=&#8221;off|desktop&#8221; custom_padding=&#8221;0px|10px|20px|10px&#8221; custom_padding_tablet=&#8221;0px|15px||15px&#8221; custom_padding_phone=&#8221;&#8221; animation_style=&#8221;fade&#8221; global_colors_info=&#8221;{}&#8221;][et_pb_column_inner saved_specialty_column_type=&#8221;3_4&#8243; _builder_version=&#8221;4.16&#8243; custom_padding=&#8221;|20px||&#8221; custom_padding_tablet=&#8221;|0px|30px|&#8221; custom_padding_phone=&#8221;&#8221; custom_padding_last_edited=&#8221;on|desktop&#8221; global_colors_info=&#8221;{}&#8221; custom_padding__hover=&#8221;|||&#8221;][et_pb_text admin_label=&#8221;Sis\u00e4lt\u00f6&#8221; _builder_version=&#8221;4.16&#8243; custom_padding_last_edited=&#8221;off|desktop&#8221; global_colors_info=&#8221;{}&#8221;]<\/p>\n<div>\n<p><span lang=\"EN-US\">Only members of the Aalto University Student Union (AYY) can become full members of Prosessiteekkarit ry. Those who cannot be accepted as full members can be accepted as external members. The membership fee is 9\u20ac for year 2024 and it is valid for one year. The membership fee is paid in <a href=\"https:\/\/kide.app\/memberships\/9d5b2536-3a65-476c-a64c-069f47554507\">Kide.app<\/a>, for which you need a username.<o:p><\/o:p><\/span><\/p>\n<p><span lang=\"EN-US\"><\/span><\/p>\n<\/div>\n<div>\n<p><span lang=\"EN-US\">In addition, any person or legal entity interested in the activities of the association can become a supporting member. The amount of the membership fee for supporting members is decided by Board of Prosessiteekkarit ry separately. If you wish to support our activities, you can become a supporting member via the Kide.app or by contacting Board of the association via email hallitus(at)prosessiteekkarit.fi.<o:p><\/o:p><\/span><\/p>\n<p><span lang=\"EN-US\"><\/span><\/p>\n<\/div>\n<div>\n<p><span lang=\"EN-US\">Board of the association will handle and approve new membership applications at its meeting as soon as possible after the application has been submitted. Membership approval is not announced separately, and the applicant will only be contacted if the application cannot be approved for some reason.<o:p><\/o:p><\/span><\/p>\n<p><span lang=\"EN-US\"><\/span><\/p>\n<\/div>\n<div>\n<p><span lang=\"EN-US\">After sending your membership application you can join the association\u2019s<span class=\"apple-converted-space\">\u00a0<\/span><\/span><a href=\"https:\/\/list.ayy.fi\/postorius\/lists\/pt-en-info.list.ayy.fi\/\"><span lang=\"EN-US\">English member email list<\/span><\/a><span lang=\"EN-US\">\u00a0and\u00a0<\/span><a href=\"https:\/\/www.facebook.com\/groups\/1504609399833035\/\"><span lang=\"EN-US\">Facebook group<\/span><\/a><span lang=\"EN-US\">. There is a separate email list for older students and alumni which you can join<span class=\"apple-converted-space\">\u00a0<\/span><\/span><a href=\"https:\/\/list.ayy.fi\/postorius\/lists\/pt-alumni.list.ayy.fi\/\"><span lang=\"EN-US\">here<\/span><\/a><span lang=\"EN-US\">. These channels are used to inform members of upcoming events and other relevant subjects. The email address that you have submitted will primarily be added to the members email list but if you want to remove yourself from said list please be in contact with our spokesperson-secretary (tiedottajasihteeri(at)prosessiteekkarit.fi).<o:p><\/o:p><\/span><\/p>\n<p><span lang=\"EN-US\"><\/span><\/p>\n<\/div>\n<div>\n<p><span lang=\"EN-US\">For members, it is possible to purchase a membership pin (presented below) that can be used at annual balls, fancier sitsit and at company events. The price of the pin is 12\u20ac, and it can be bought from pHuone from board members or by being in contact with either Chair of the Board (puheenjohtaja(at)prosessiteekkarit.fi) or Treasurer (rahastonhoitaja(at)prosessiteekkarit.fi).<o:p><\/o:p><\/span><\/p>\n<\/div>\n<p><img loading=\"lazy\" decoding=\"async\" class=\"wp-image-4319 size-full aligncenter\" src=\"http:\/\/www.prosessiteekkarit.fi\/wp-content\/uploads\/2020\/02\/PT-pinssi.png\" alt=\"PT:n j\u00e4senpinssi\" width=\"68\" height=\"69\" \/><\/p>\n<p>[\/et_pb_text][et_pb_text admin_label=&#8221;Sis\u00e4lt\u00f6&#8221; _builder_version=&#8221;4.21.0&#8243; custom_padding_last_edited=&#8221;off|desktop&#8221; global_colors_info=&#8221;{}&#8221;]<\/p>\n<h2><span style=\"color: #006441;\">Transfer of the membership register<\/span><\/h2>\n<p>The membership register of Prosessiteekkarit ry was transferred to the Kide.app service 2nd of August 2023.<\/p>\n<p>The membership fee is valid until the end of the autumn semester 2023 for those who have paid the membership fee between 1.1.\u201331.5.2023. The membership fee is valid until the end of the spring semester 2024 for those who have paid the membership fee between 1.6.\u201331.7.2023. In both cases, the data will be transferred from the old membership register to the new one. Please, contact the administrator of the register via an e-mail (rahastonhoitaja(at)prosessiteekkarit.fi) telling your e-mail address used as your Kide.app username so that your membership data can be transferred. You can contact the administrator also for any problems you might have.<\/p>\n<p>&nbsp;<\/p>\n<p>[\/et_pb_text][et_pb_text disabled_on=&#8221;on|on|on&#8221; admin_label=&#8221;Sis\u00e4lt\u00f6&#8221; _builder_version=&#8221;4.16&#8243; disabled=&#8221;on&#8221; global_colors_info=&#8221;{}&#8221;]<\/p>\n<h2>Membership application\u200b<\/h2>\n\n<p>[\/et_pb_text][\/et_pb_column_inner][\/et_pb_row_inner][\/et_pb_column][\/et_pb_section]<\/p>\n","protected":false},"excerpt":{"rendered":"<p>Only members of the Aalto University Student Union (AYY) can become full members of Prosessiteekkarit ry. Those who cannot be accepted as full members can be accepted as external members. The membership fee is 9\u20ac for year 2024 and it is valid for one year. The membership fee is paid in Kide.app, for which you [&hellip;]<\/p>\n","protected":false},"author":1,"featured_media":0,"parent":0,"menu_order":0,"comment_status":"closed","ping_status":"closed","template":"","meta":{"_et_pb_use_builder":"on","_et_pb_old_content":"<p>[et_pb_section fb_built=\"1\" make_equal=\"on\" use_custom_gutter=\"on\" gutter_width=\"1\" specialty=\"on\" background_color_1=\"#ffffff\" background_color_2=\"#ffffff\" module_class_1=\"sivupalkki_column\" module_class_2=\"sisalto_column\" custom_css_main_1=\"min-width: 250px;||max-width: 275px;||margin-right: 20px!important;\" custom_css_main_2=\"width: 100%\" _builder_version=\"3.22\" background_color=\"#ffffff\" inner_width=\"99%\" inner_max_width=\"99%\" custom_padding=\"0px|0px|0px|0px\" use_custom_width=\"on\" width_unit=\"off\" custom_width_percent=\"99%\"][et_pb_column type=\"1_4\" _builder_version=\"3.25\" custom_padding=\"|||\" custom_padding__hover=\"|||\"][et_pb_sidebar area=\"sidebar-1\" show_border=\"off\" disabled_on=\"on|on|\" admin_label=\"Sivupalkki\" module_class=\"sidebar\" _builder_version=\"4.4.7\" body_font=\"|700||on|||||\" body_text_color=\"#ffffff\" body_font_size=\"20px\" body_letter_spacing=\"3px\" body_line_height=\"1.5em\" background_color=\"#00965e\" vertical_offset_tablet=\"0\" horizontal_offset_tablet=\"0\" text_orientation=\"left\" max_width_last_edited=\"off|desktop\" module_alignment=\"left\" min_height=\"100%\" custom_margin=\"|||\" custom_margin_last_edited=\"off|desktop\" custom_padding=\"0px|0px|0px|33px\" animation_style=\"fade\" animation_direction=\"left\" animation_duration=\"800ms\" z_index_tablet=\"0\" custom_css_main_element=\"height: 100%;\" header_text_shadow_horizontal_length_tablet=\"0px\" header_text_shadow_vertical_length_tablet=\"0px\" header_text_shadow_blur_strength_tablet=\"1px\" body_text_shadow_horizontal_length_tablet=\"0px\" body_text_shadow_vertical_length_tablet=\"0px\" body_text_shadow_blur_strength_tablet=\"1px\" border_color_right=\"#330000\" box_shadow_style=\"preset6\" box_shadow_horizontal_tablet=\"0px\" box_shadow_vertical_tablet=\"0px\" box_shadow_blur_tablet=\"40px\" box_shadow_spread_tablet=\"0px\" text_shadow_horizontal_length_tablet=\"0px\" text_shadow_vertical_length_tablet=\"0px\" text_shadow_blur_strength_tablet=\"1px\" global_module=\"1584\" collapsed=\"off\"][\/et_pb_sidebar][\/et_pb_column][et_pb_column type=\"3_4\" specialty_columns=\"3\" _builder_version=\"3.25\" custom_padding=\"|||\" custom_padding__hover=\"|||\"][et_pb_row_inner custom_padding_last_edited=\"on|phone\" admin_label=\"Row\" _builder_version=\"3.25\" background_color=\"#ffffff\" custom_margin_last_edited=\"off|desktop\" custom_padding=\"30px|10px|0px|10px\" custom_padding_tablet=\"30px|15px|0px|15px\" custom_padding_phone=\"\" animation_style=\"slide\" animation_direction=\"top\"][et_pb_column_inner saved_specialty_column_type=\"3_4\" _builder_version=\"3.25\" custom_padding=\"|||\" custom_padding__hover=\"|||\"][et_pb_post_title meta=\"off\" featured_image=\"off\" admin_label=\"Otsikko\" _builder_version=\"3.0.98\" custom_margin_tablet=\"\" custom_margin_phone=\"\" custom_margin_last_edited=\"on|desktop\" custom_padding=\"|||\" custom_padding_tablet=\"|||\" custom_padding_last_edited=\"off|desktop\"][\/et_pb_post_title][\/et_pb_column_inner][\/et_pb_row_inner][et_pb_row_inner column_structure=\"1_2,1_2\" custom_padding_last_edited=\"on|desktop\" admin_label=\"Row\" _builder_version=\"3.25\" background_color=\"#ffffff\" custom_margin_last_edited=\"off|desktop\" custom_padding=\"0px|10px|20px|10px\" custom_padding_tablet=\"0px|15px||15px\" custom_padding_phone=\"\" animation_style=\"fade\"][et_pb_column_inner type=\"1_2\" saved_specialty_column_type=\"3_4\" _builder_version=\"3.25\" custom_padding=\"|20px||\" custom_padding_tablet=\"|0px|30px|\" custom_padding_phone=\"\" custom_padding_last_edited=\"on|desktop\" custom_padding__hover=\"|||\"][et_pb_text admin_label=\"Sis\u00e4lt\u00f6\" _builder_version=\"3.27.4\" custom_padding_last_edited=\"off|desktop\"]<\/p><p style=\"text-align: justify;\">Prosessiteekkareiden varsinaiseksi j\u00e4seneksi voi liitty\u00e4 ainoastaan Aalto-yliopiston ylioppilaskunnan j\u00e4senet ja ulkoj\u00e4seneksi voidaan hyv\u00e4ksy\u00e4 henkil\u00f6, jota ei voida hyv\u00e4ksy\u00e4 varsinaiseksi j\u00e4seneksi. J\u00e4senmaksu on 8 \u20ac ja j\u00e4senyys on voimassa kaksi lukukautta maksuajankohdasta l\u00e4htien.<\/p><p style=\"text-align: justify;\">N\u00e4iden vaihtoehtojen lis\u00e4ksi kuka tahansa yhdistyksen toiminnasta kiinnostunut henkil\u00f6 tai oikeustoimikelpoinen yhteis\u00f6 voi halutessaan liitty\u00e4 yhdistyksen kannatusj\u00e4seneksi. Mik\u00e4li haluat tukea toimintaamme ja liitty\u00e4 kannatusj\u00e4seneksi, niin ota yhteys hallitukseen (hallitus(at)prosessiteekkarit.fi).<\/p><p style=\"text-align: justify;\">Yhdistyksen hallitus k\u00e4sittelee ja hyv\u00e4ksyy uudet j\u00e4senhakemukset kokouksessaan mahdollisimman pian hakemuksen j\u00e4tt\u00e4misest\u00e4.<\/p><p style=\"text-align: justify;\">J\u00e4seneksi liittymisen j\u00e4lkeen voit liitty\u00e4 yhdistyksen\u00a0<a title=\"PT:n j\u00e4sens\u00e4hk\u00f6posti\" href=\"https:\/\/list.ayy.fi\/mailman\/listinfo\/pt-info\">j\u00e4sens\u00e4hk\u00f6postilistalle<\/a>\u00a0ja\u00a0<a title=\"PT:n FB-ryhm\u00e4\" href=\"https:\/\/www.facebook.com\/groups\/1504609399833035\/\">FB-ryhm\u00e4\u00e4n<\/a>. Vanhemmille opiskelijoille ja valmistuneille on my\u00f6s oma s\u00e4hk\u00f6postilista, johon voi liitty\u00e4\u00a0<a href=\"https:\/\/list.ayy.fi\/mailman\/listinfo\/pt-alumni\">t\u00e4st\u00e4<\/a>. N\u00e4it\u00e4 kanavia k\u00e4ytet\u00e4\u00e4n j\u00e4senten tiedottamiseen tulevista tapahtumista ja muista ajankohtaisista asioista. L\u00e4ht\u00f6kohtaisesti ilmoittamasi s\u00e4hk\u00f6posti liitet\u00e4\u00e4n j\u00e4sens\u00e4hk\u00f6postilistalle, mutta jos haluat poistaa itsesi listalta, niin ota yhteytt\u00e4 tiedottaja-sihteeriin (tiedottajasihteeri(at)prosessiteekkarit.fi).<\/p><p style=\"text-align: justify;\">J\u00e4senien on mahdollista ostaa alla oleva j\u00e4senpinssi, jota voi k\u00e4ytt\u00e4\u00e4 vuosijuhlilla, hienommilla pukusitseill\u00e4 tai yritystilaisuuksissa.<span class=\"apple-converted-space\">\u00a0<\/span>Hintaa pinssille tulee 10 \u20ac\/kpl, ja sen voi ostaa Prosessihuoneella hallituksen j\u00e4senen ollessa l\u00e4sn\u00e4 tai ottamalla yhteytt\u00e4 puheenjohtajaan (puheenjohtaja(at)prosessiteekkarit.fi) tai rahastonhoitajaan (rahastonhoitaja(at)prosessiteekkarit.fi).<\/p><p><img class=\"wp-image-4319 size-full aligncenter\" src=\"http:\/\/www.prosessiteekkarit.fi\/wp-content\/uploads\/2020\/02\/PT-pinssi.png\" alt=\"PT:n j\u00e4senpinssi\" width=\"68\" height=\"69\" \/>[\/et_pb_text][\/et_pb_column_inner][et_pb_column_inner type=\"1_2\" saved_specialty_column_type=\"3_4\" _builder_version=\"3.25\" custom_padding=\"|||\" custom_padding_tablet=\"||30px|\" custom_padding_phone=\"\" custom_padding_last_edited=\"on|desktop\" custom_padding__hover=\"|||\"][et_pb_text admin_label=\"Sis\u00e4lt\u00f6\" _builder_version=\"3.27.4\"]<\/p><h2>J\u00e4senhakemus<\/h2><p>[gravityform id=\"1\" title=\"true\" description=\"true\"][\/et_pb_text][\/et_pb_column_inner][\/et_pb_row_inner][\/et_pb_column][\/et_pb_section]<\/p>","_et_gb_content_width":"","footnotes":""},"class_list":["post-6074","page","type-page","status-publish","hentry"],"_links":{"self":[{"href":"https:\/\/www.prosessiteekkarit.fi\/en\/wp-json\/wp\/v2\/pages\/6074","targetHints":{"allow":["GET"]}}],"collection":[{"href":"https:\/\/www.prosessiteekkarit.fi\/en\/wp-json\/wp\/v2\/pages"}],"about":[{"href":"https:\/\/www.prosessiteekkarit.fi\/en\/wp-json\/wp\/v2\/types\/page"}],"author":[{"embeddable":true,"href":"https:\/\/www.prosessiteekkarit.fi\/en\/wp-json\/wp\/v2\/users\/1"}],"replies":[{"embeddable":true,"href":"https:\/\/www.prosessiteekkarit.fi\/en\/wp-json\/wp\/v2\/comments?post=6074"}],"version-history":[{"count":20,"href":"https:\/\/www.prosessiteekkarit.fi\/en\/wp-json\/wp\/v2\/pages\/6074\/revisions"}],"predecessor-version":[{"id":12848,"href":"https:\/\/www.prosessiteekkarit.fi\/en\/wp-json\/wp\/v2\/pages\/6074\/revisions\/12848"}],"wp:attachment":[{"href":"https:\/\/www.prosessiteekkarit.fi\/en\/wp-json\/wp\/v2\/media?parent=6074"}],"curies":[{"name":"wp","href":"https:\/\/api.w.org\/{rel}","templated":true}]}}