{"id":4616,"date":"2018-08-08T07:58:25","date_gmt":"2018-08-08T04:58:25","guid":{"rendered":"https:\/\/prosessiteekkarit.fi\/officials\/"},"modified":"2026-03-12T10:46:58","modified_gmt":"2026-03-12T08:46:58","slug":"officials","status":"publish","type":"page","link":"https:\/\/www.prosessiteekkarit.fi\/en\/officials\/","title":{"rendered":"Officials"},"content":{"rendered":"<p>[et_pb_section fb_built=&#8221;1&#8243; make_equal=&#8221;on&#8221; use_custom_gutter=&#8221;on&#8221; gutter_width=&#8221;1&#8243; specialty=&#8221;on&#8221; background_color_1=&#8221;#ffffff&#8221; background_color_2=&#8221;#ffffff&#8221; module_class_1=&#8221;sivupalkki_column&#8221; module_class_2=&#8221;sisalto_column&#8221; custom_css_main_1=&#8221;min-width: 250px;||max-width: 275px;||margin-right: 20px!important;&#8221; custom_css_main_2=&#8221;width: 100%&#8221; _builder_version=&#8221;4.16&#8243; background_color=&#8221;#ffffff&#8221; inner_width=&#8221;99%&#8221; inner_max_width=&#8221;99%&#8221; custom_padding=&#8221;0px|0px|0px|0px&#8221; use_custom_width=&#8221;on&#8221; width_unit=&#8221;off&#8221; custom_width_percent=&#8221;99%&#8221; global_colors_info=&#8221;{}&#8221;][et_pb_column type=&#8221;1_4&#8243; _builder_version=&#8221;4.16&#8243; custom_padding=&#8221;|||&#8221; global_colors_info=&#8221;{}&#8221; custom_padding__hover=&#8221;|||&#8221;][et_pb_sidebar area=&#8221;sidebar-1&#8243; show_border=&#8221;off&#8221; disabled_on=&#8221;on|on|&#8221; admin_label=&#8221;Sivupalkki&#8221; module_class=&#8221;sidebar&#8221; _builder_version=&#8221;4.16&#8243; body_font=&#8221;|700||on|||||&#8221; body_text_color=&#8221;#ffffff&#8221; body_font_size=&#8221;20px&#8221; body_letter_spacing=&#8221;3px&#8221; body_line_height=&#8221;1.5em&#8221; background_color=&#8221;#00965e&#8221; vertical_offset_tablet=&#8221;0&#8243; horizontal_offset_tablet=&#8221;0&#8243; text_orientation=&#8221;left&#8221; max_width_last_edited=&#8221;off|desktop&#8221; module_alignment=&#8221;left&#8221; min_height=&#8221;100%&#8221; custom_margin=&#8221;|||&#8221; custom_margin_last_edited=&#8221;off|desktop&#8221; custom_padding=&#8221;0px|0px|0px|33px&#8221; animation_style=&#8221;fade&#8221; animation_direction=&#8221;left&#8221; animation_duration=&#8221;800ms&#8221; z_index_tablet=&#8221;0&#8243; custom_css_main_element=&#8221;height: 100%;&#8221; header_text_shadow_horizontal_length_tablet=&#8221;0px&#8221; header_text_shadow_vertical_length_tablet=&#8221;0px&#8221; header_text_shadow_blur_strength_tablet=&#8221;1px&#8221; body_text_shadow_horizontal_length_tablet=&#8221;0px&#8221; body_text_shadow_vertical_length_tablet=&#8221;0px&#8221; body_text_shadow_blur_strength_tablet=&#8221;1px&#8221; border_color_right=&#8221;#330000&#8243; box_shadow_style=&#8221;preset6&#8243; box_shadow_horizontal_tablet=&#8221;0px&#8221; box_shadow_vertical_tablet=&#8221;0px&#8221; box_shadow_blur_tablet=&#8221;40px&#8221; box_shadow_spread_tablet=&#8221;0px&#8221; text_shadow_horizontal_length_tablet=&#8221;0px&#8221; text_shadow_vertical_length_tablet=&#8221;0px&#8221; text_shadow_blur_strength_tablet=&#8221;1px&#8221; collapsed=&#8221;off&#8221; global_colors_info=&#8221;{}&#8221;][\/et_pb_sidebar][\/et_pb_column][et_pb_column type=&#8221;3_4&#8243; specialty_columns=&#8221;3&#8243; _builder_version=&#8221;4.16&#8243; custom_padding=&#8221;|||&#8221; global_colors_info=&#8221;{}&#8221; custom_padding__hover=&#8221;|||&#8221;][et_pb_row_inner custom_padding_last_edited=&#8221;on|phone&#8221; admin_label=&#8221;Row&#8221; _builder_version=&#8221;4.16&#8243; background_color=&#8221;#ffffff&#8221; custom_margin_last_edited=&#8221;off|desktop&#8221; custom_padding=&#8221;30px|10px|0px|10px&#8221; custom_padding_tablet=&#8221;30px|15px|0px|15px&#8221; custom_padding_phone=&#8221;&#8221; animation_style=&#8221;slide&#8221; animation_direction=&#8221;top&#8221; global_colors_info=&#8221;{}&#8221;][et_pb_column_inner saved_specialty_column_type=&#8221;3_4&#8243; _builder_version=&#8221;4.16&#8243; custom_padding=&#8221;|||&#8221; global_colors_info=&#8221;{}&#8221; custom_padding__hover=&#8221;|||&#8221;][et_pb_post_title meta=&#8221;off&#8221; featured_image=&#8221;off&#8221; admin_label=&#8221;Otsikko&#8221; _builder_version=&#8221;4.16&#8243; custom_margin_tablet=&#8221;&#8221; custom_margin_phone=&#8221;&#8221; custom_margin_last_edited=&#8221;on|desktop&#8221; custom_padding=&#8221;|||&#8221; custom_padding_tablet=&#8221;|||&#8221; custom_padding_last_edited=&#8221;off|desktop&#8221; global_colors_info=&#8221;{}&#8221;][\/et_pb_post_title][\/et_pb_column_inner][\/et_pb_row_inner][et_pb_row_inner custom_padding_last_edited=&#8221;on|phone&#8221; admin_label=&#8221;Row&#8221; _builder_version=&#8221;4.16&#8243; background_color=&#8221;#ffffff&#8221; custom_margin_last_edited=&#8221;off|phone&#8221; custom_padding=&#8221;0px|10px|20px|10px&#8221; custom_padding_tablet=&#8221;0px|15px||15px&#8221; custom_padding_phone=&#8221;&#8221; global_colors_info=&#8221;{}&#8221;][et_pb_column_inner saved_specialty_column_type=&#8221;3_4&#8243; _builder_version=&#8221;4.16&#8243; custom_padding=&#8221;|||&#8221; custom_padding_tablet=&#8221;||30px|&#8221; custom_padding_phone=&#8221;&#8221; custom_padding_last_edited=&#8221;on|phone&#8221; global_colors_info=&#8221;{}&#8221; custom_padding__hover=&#8221;|||&#8221;][et_pb_text admin_label=&#8221;Sis\u00e4lt\u00f6&#8221; _builder_version=&#8221;4.16&#8243; custom_padding=&#8221;|20px||&#8221; custom_padding_tablet=&#8221;|0px||&#8221; custom_padding_phone=&#8221;&#8221; custom_padding_last_edited=&#8221;on|desktop&#8221; global_colors_info=&#8221;{}&#8221;]<\/p>\n<p>In addition to board tasks, the association offers a variety of different officials&#8217; tasks, which any member of the association can apply for. Applications and selections for officials are mainly made during autumn but it is also possible to apply at another time. The number of tasks per member is not limited and new officials&#8217; tasks can also be suggested to members of the board.<\/p>\n<p>You can read more information on the officials&#8217; tasks from the <a href=\"http:\/\/www.prosessiteekkarit.fi\/en\/tasks\/\" rel=\"noopener\">Tasks<\/a>-page or by emailing the heads of the committees.<\/p>\n<p>[\/et_pb_text][\/et_pb_column_inner][\/et_pb_row_inner][et_pb_row_inner custom_padding_last_edited=&#8221;on|phone&#8221; admin_label=&#8221;Row&#8221; _builder_version=&#8221;4.16&#8243; background_color=&#8221;#ffffff&#8221; custom_margin_last_edited=&#8221;off|phone&#8221; custom_padding=&#8221;0px|10px|20px|10px&#8221; custom_padding_tablet=&#8221;0px|15px||15px&#8221; custom_padding_phone=&#8221;&#8221; global_colors_info=&#8221;{}&#8221;][et_pb_column_inner saved_specialty_column_type=&#8221;3_4&#8243; _builder_version=&#8221;4.16&#8243; custom_padding=&#8221;|||&#8221; custom_padding_tablet=&#8221;||30px|&#8221; custom_padding_phone=&#8221;&#8221; custom_padding_last_edited=&#8221;on|phone&#8221; global_colors_info=&#8221;{}&#8221; custom_padding__hover=&#8221;|||&#8221;][et_pb_toggle title=&#8221;Management Committee&#8221; admin_label=&#8221;Hoitotoimikunta&#8221; _builder_version=&#8221;4.19.5&#8243; custom_margin_last_edited=&#8221;off|desktop&#8221; global_colors_info=&#8221;{}&#8221;]<\/p>\n<p><strong>Head of committee, Vice Chair<br \/><\/strong>Annu K\u00e4rkk\u00e4inen<\/p>\n<p><strong>Archivist<br \/><\/strong><span>Julia Koskinen, Anna Savola, Olli Tunkelo<\/span><\/p>\n<p><strong>Inventoryator<\/strong><br \/><span>Mikael Anjala, Musa Fahad, Emmi Pekkola, Venla Tupala<\/span><\/p>\n<p><strong>Process Gnome<\/strong><br \/><span>Ella Haravuori, Nora Kahanp\u00e4\u00e4, Elle Husso, Marleena Huuskonen, Naomi Kaura, Julia Koskinen, Ronja Korhonen, Iina Lehikoinen, Jenny Nyman, Emmi Pekkola, Kaisla Purmonen, Anna Savola, Juho Talsta, Pyry Vartia, Melissa Valjakka<\/span><\/p>\n<p><strong>Wwwizard<\/strong><br \/><span>Mikael Anjala, Elle Husso, Tran Lan, Dan Ngo, Aurora P\u00f6ll\u00e4nen, Melissa Valjakka<\/span><\/p>\n<p>[\/et_pb_toggle][et_pb_toggle title=&#8221;Care Committee&#8221; admin_label=&#8221;Hoitotoimikunta&#8221; _builder_version=&#8221;4.19.5&#8243; custom_margin_last_edited=&#8221;off|desktop&#8221; global_colors_info=&#8221;{}&#8221;]<\/p>\n<p><strong>Head of committee, Head of Internal and External Affairs<br \/><\/strong>Elsa Aarnio<\/p>\n<p><strong>Alumni Responsible<br \/><\/strong><em>alumnivastaavat(at)prosessiteekkarit.fi<\/em><br \/><span>Olli Penttil\u00e4, Olli Tunkelo<\/span><\/p>\n<p><strong>Culture and Well-being Responsible<br \/><\/strong><span>Aida Ahola, Eerik Latostenmaa, Jade Lehtonen, Julia Lindeberg, Minni Ojamaa, Emilia Porttinen, Anna Savola<\/span><\/p>\n<p><strong>Sports Responsible<br \/><\/strong><b><\/b><em>liikuntavastaavat(at)prosessiteekkarit.fi<br \/><\/em><span>Rachana Bhandari<\/span><\/p>\n<p><span><strong>Game Master<br \/><\/strong>Valtteri Hamari, Valtteri Lahti<\/span><\/p>\n<p><strong>Bridge Builder<br \/><\/strong><span>Emmi Pekkola, Ilmari Niiranen, Juho Turtiainen, Niko Yliportimo, Ossi Ruokokoski, Otso Kivivuori, Vili Myllym\u00e4ki<\/span><\/p>\n<p><span><strong>Shift Supervisor<b><br \/><\/b><\/strong>Ossi Ruokokoski<\/span><\/p>\n<p><span><strong>Process Operator<b><br \/><\/b><\/strong>Mikael Anjala, Otso Kivivuori, Vili Myllym\u00e4ki, Lauri Puska, Sonja Talosela<br \/><\/span><\/p>\n<p><span><\/span><\/p>\n<p>[\/et_pb_toggle][et_pb_toggle title=&#8221;Information Committee&#8221; admin_label=&#8221;Tiedotustoimikunta&#8221; _builder_version=&#8221;4.19.5&#8243; custom_margin_last_edited=&#8221;off|desktop&#8221; global_colors_info=&#8221;{}&#8221;]<\/p>\n<p><strong>Head of committee, Spokesperson<\/strong><br \/>Aada Hakala<\/p>\n<p><strong><span data-sheets-root=\"1\">Translator<\/span><\/strong><br \/><span>Selja Auzeray, Sienna Enden, Sonja Gadri, Rebe Kanerva, Enna Kuokkanen, Minni Ojanmaa, Aura Virkkunen<\/span><\/p>\n<p><strong>SomeParty Tycoon<\/strong><br \/><span>Ella Haravuori, Marleena Huuskonen, Aino Kanerva<\/span>\u200b<\/p>\n<p><strong>Influencer<\/strong><br \/>Fanni Honkimaa, Julia Koskinen, Valtteri Lahti, Nelly Lecklin, Iina Lehikoinen, Sanni Malin, Jenny Nyman, Kaisla Purmonen, Venla Tupala, Liina Virta<\/p>\n<p><strong>Editor-in-Chief<br \/><\/strong><em>paatoimittaja(at)prosessiteekkarit.fi<br \/><\/em><span>Emmi Pekkola<\/span><\/p>\n<p><span><strong>Editor<br \/><\/strong>Naomi Kaura, Lauri Koivuluoma, Venla Tupala<br \/><\/span><\/p>\n<p><span><strong>Journalist<br \/><\/strong>Elsa Aarnio, Oskari Airila, Ella Haravuori, Marleena Huuskonen, Aino Kanerva, Julia Koskinen, Valtteri Lahti, Iina Lehikoinen, Kaisla Purmonen, Juho Talsta, Saimi Ter\u00e4v\u00e4inen, Melissa Valjakka, Aura Virkkanen<br \/><\/span><\/p>\n<p><strong>Artistic Leader<br \/><\/strong><span style=\"font-weight: 400;\">Amanda Taipale<\/span><\/p>\n<p><b>Graphic Designer<br \/><\/b><span>Aida Ahola, Aava Hyyti, Silja Niskanen, Kaisla Purmonen, Lumi Uusi-Kyyny, Linda Wu<\/span><strong><\/strong><\/p>\n<p><strong>Photographer<\/strong><strong><br \/><\/strong><span style=\"font-weight: 400;\"><span>Sienna Enden, Valtteri Hamari, Naomi Kaura, Jyri Kinnari, Aaron Narinen<\/span><\/span><\/p>\n<p>[\/et_pb_toggle][et_pb_toggle title=&#8221;Economic Committee&#8221; admin_label=&#8221;Taloustoimikunta&#8221; _builder_version=&#8221;4.19.5&#8243; custom_margin_last_edited=&#8221;off|desktop&#8221; global_colors_info=&#8221;{}&#8221;]<\/p>\n<p><span lang=\"EN-GB\"><strong>Head of committee, Treasurer<br \/><\/strong><\/span>Aaro Kuismanen<\/p>\n<p><strong><span lang=\"EN-GB\">Guild Merch Master<br \/><\/span><\/strong><span>Julia Koskinen<\/span><\/p>\n<p><span><strong>Guild Merch Responsible<br \/><\/strong>Sienna Enden, Lauri Kankaanp\u00e4\u00e4, Julia Koskinen, Iina Lehikoinen, Venla Tupala, Lumi Uusi-Kyyny, Linda Wu<br \/><\/span><\/p>\n<p><strong>Member of the Economic Committee<br \/><\/strong><span>Nora Kahanp\u00e4\u00e4, Emmi Pekkola, Juho Talsta<\/span><\/p>\n<p><strong><\/strong><\/p>\n<p>[\/et_pb_toggle][et_pb_toggle title=&#8221;Fuksi Committee&#8221; admin_label=&#8221;Fuksitoimikunta&#8221; _builder_version=&#8221;4.19.5&#8243; custom_margin_last_edited=&#8221;off|desktop&#8221; global_colors_info=&#8221;{}&#8221;]<\/p>\n<p><span lang=\"EN-GB\"><strong>Head of committee, Fuksi Captain<br \/><\/strong><\/span><span lang=\"EN-GB\">Oskari Airila<\/span><\/p>\n<p><span lang=\"EN-GB\"><strong>Fuksi Captain<br \/><\/strong><\/span><span lang=\"EN-GB\">Laura Jouppi<\/span><\/p>\n<p><strong>CanCan Responsible<\/strong><br \/><em>cancan(at)prosessiteekkarit.fi<br \/><\/em><span style=\"font-weight: 400;\"><span>Anna-Maria Kuivanen, Tiitu Pellas, Pihla Ravela<\/span><\/span><\/p>\n<p><b>BIGboss<br \/><\/b><span style=\"font-weight: 400;\"><span>Valtteri Hamari<\/span><\/span><\/p>\n<p><strong><span data-sheets-root=\"1\">Otaniemen Prosessikillan ISOimman Juuresten Kasvatusjaoston Ylin Johtaja Ii. \u201dKaunis Jorma\u201d Lehikoinen XIV<\/span><\/strong><br \/>Iina Lehikoinen<\/p>\n<p><span><strong>Otaniemen Prosessikillan Terveysjaoston Sarjakukkaiskasvilautakunnan Vihannesosaston SelLerin Rouskuvuustoimikunnan Kasvissmoothiemestari Se. \u201dP\u00e4\u00e4syyllinen\u201d Auzeray XXVI<\/strong><br \/>Selja Auzeray<\/span><\/p>\n<p><span><strong>Otaniemen Prosessikillan Terveysjaoston Sarjakukkaiskasvilautakunnan Vihannesosaston SelLerin Rouskuvuustoimikunnan Kasvissmoothiemestari Va. \u201dBatman\u201d Lahti XXVII<\/strong><br \/>Valtteri Lahti<\/span><\/p>\n<p><span><\/span><\/p>\n<p>[\/et_pb_toggle][et_pb_toggle title=&#8221;International Committee&#8221; admin_label=&#8221;Kansainv\u00e4lisyystoimikunta&#8221; _builder_version=&#8221;4.19.5&#8243; custom_margin_last_edited=&#8221;off|desktop&#8221; global_colors_info=&#8221;{}&#8221;]<\/p>\n<p><span lang=\"EN-GB\"><strong>Head of committee, Head of International and Master&#8217;s Affairs<br \/><\/strong><\/span>Mikael Anjala<\/p>\n<p><strong>Chem Eng Officer<br \/><\/strong><span>Alissa Kotanen<\/span><\/p>\n<p><strong>Activity Coordinator<br \/><\/strong><span>Aino Honka, Aye Thi Thi Thin, Benedek Tarj\u00e1nyi, Giao Tran, Jan Tupko, Naomi Kaura, Rebe Kanerva<\/span><\/p>\n<p><strong>Maailman Merien Ja Huikentelevien Satamien Ylempi Merikapteeni (AMK)<\/strong><br \/><span>Aino Honka<\/span><\/p>\n<p>[\/et_pb_toggle][et_pb_toggle title=&#8221;Event Committee&#8221; admin_label=&#8221;Tapahtumatoimikunta&#8221; _builder_version=&#8221;4.23.1&#8243; custom_margin_last_edited=&#8221;off|desktop&#8221; global_colors_info=&#8221;{}&#8221;]<\/p>\n<p><strong><span lang=\"EN-GB\">Head of committee, IE<br \/><\/span><\/strong>Annika Purola<\/p>\n<p><b>IE<\/b><br \/><span style=\"font-weight: 400;\">Helmi Purola<\/span><\/p>\n<p><strong><span lang=\"EN-GB\">IE Helper<br \/><\/span><\/strong>Aamu Auterinen, Karelia Keskim\u00e4ki, Caius Klint, Matias Kokko, Neea Kokotti, Sofia Koskela, Tran Lan, Tuukka Levi\u00e4kangas, Sanni Malin, Taru Nihti, Jami Rantala, Elina Ruha, Lotta Sillanp\u00e4\u00e4, Nea Vanhatalo, Venla Varo, Viljo Vuori<\/p>\n<p><b>Car Driver<br \/><\/b>Jani Anttila, Erkka Koskenniemi, Ville Lindstr\u00f6m, Ossi Ruokokoski<\/p>\n<p><strong><span lang=\"EN-GB\">Song Master<br \/><\/span><\/strong><span style=\"font-weight: 400;\">Pyry Vartia<\/span><\/p>\n<p><span style=\"font-weight: 400;\"><strong>Song Leader (Finnish)<br \/><\/strong>Ville Lindstr\u00f6m, Vili Myllym\u00e4ki, Amanda Taipale, Pyry Vartia<br \/><\/span><\/p>\n<p><span style=\"font-weight: 400;\"><strong>Song Leader (English)<br \/><\/strong>Selja Auzeray, Elias Kallio, Niko Yliportimo<br \/><\/span><\/p>\n<p><strong><span lang=\"EN-GB\">Song Leader Apprentice (Finnish)<br \/><\/span><\/strong>Oskari Airila, Isla Elomaa, Sonja Gadri, Aava Hyyti, Otso Kivivuori, Erkka Koskenniemi, Valtteri Lahti, Eerik Latostenmaa, Tuukka Liimatainen, Santtu M\u00e4kel\u00e4, Milla Paulasaari, Viivi Rasila, Juho Turtiainen<\/p>\n<p><strong><span lang=\"EN-GB\">Song Leader Apprentice (English)<br \/><\/span><\/strong>Milo Clover, Sisu Saarela<\/p>\n<p><strong>L\u00e4mm\u00f6nsiirto Responsible XIV<br \/><\/strong><em>vuosijuhla(at)prosessiteekkarit.fi<\/em><br \/>Julia Karhum\u00e4ki<\/p>\n<p><strong>Member of the 14th Annual Ball Committee<br \/><\/strong>Noora Hannula, Fanni Honkimaa, Rebe Kanerva, Sofia Koskela, Mari Koski, Viivi Rasila, Katariina Ylir\u00e4is\u00e4nen<\/p>\n<p><strong><span lang=\"EN-GB\">Hot Tub Master<br \/><\/span><\/strong>Eerik Latostenmaa<\/p>\n<p><strong>Senior Responsible<br \/><\/strong>Julia Koskinen, Iina Lehikoinen, Emmi Pekkola, Kaisla Purmonen, Venla Tupala, Pyry Vartia<\/p>\n<p><strong><span lang=\"EN-GB\">scIEnce PracTitioner<br \/><\/span><\/strong><span lang=\"EN-GB\">Eerik Latostenmaa, Elsa Aarnio, Valtteri Hamari, Noora Hannula, Marleena Huuskonen, Aino Kanerva, Julia Karhum\u00e4ki, Otso Kivivuori, Iina Lehikoinen, Milla Paulasaari, Kaisla Purmonen, Saimi Ter\u00e4v\u00e4inen<\/span><strong><span lang=\"EN-GB\"><br \/><\/span><\/strong><\/p>\n<p><strong><span lang=\"EN-GB\">Wappu Master<br \/><\/span><\/strong><span lang=\"EN-GB\">Aino Kanerva, Milla Paulasaari<\/span><\/p>\n<p><span lang=\"EN-GB\"><strong>Wappu Master&#8217;s Helper<br \/><\/strong>Nooa J\u00e4rvinen, Aura Virkkunen<\/span><\/p>\n<p>&nbsp;<\/p>\n<p>[\/et_pb_toggle][et_pb_toggle title=&#8221;Study Committee&#8221; admin_label=&#8221;Opintotoimikunta&#8221; _builder_version=&#8221;4.23.1&#8243; custom_margin_last_edited=&#8221;off|desktop&#8221; global_colors_info=&#8221;{}&#8221;]<\/p>\n<p><span lang=\"EN-GB\"><strong>Head of committee, Head of Study Affairs<br \/><\/strong><\/span><span data-sheets-root=\"1\">Juho Turtiainen<\/span>\u200b<\/p>\n<p><strong>Abi Master<br \/><\/strong><span data-sheets-root=\"1\">Noora Hannula<\/span><\/p>\n<p><strong>Abi Responsible<br \/><\/strong><em>abivastaavat(at)prosessiteekkarit.fi<br \/><\/em><span data-sheets-root=\"1\">Sonja Gadri<\/span>, <span data-sheets-root=\"1\">Aura Iittil\u00e4inen<\/span>, <span data-sheets-root=\"1\">Ida M\u00e4ki-Hokkonen<\/span>, <span data-sheets-root=\"1\">Emma Nurmela<\/span>, <span data-sheets-root=\"1\">Odette Pitk\u00e4nen<\/span>, <span data-sheets-root=\"1\">Neea Ruohonen, Viljo Vuori<\/span><\/p>\n<p><strong>Member of the Study Committee<br \/><\/strong><span data-sheets-root=\"1\">Ella Haravuori<\/span>, <span data-sheets-root=\"1\">Leevi H\u00e4rk\u00f6nen<\/span>, <span data-sheets-root=\"1\">Ronja Korhonen<\/span><\/p>\n<p><strong>Exam Archivist<br \/><\/strong><span data-sheets-root=\"1\">Rebe Kanerva<\/span><\/p>\n<div id=\"simple-translate\" class=\"simple-translate-system-theme\">\n<div>\n<div class=\"simple-translate-button isShow\" style=\"background-image: url('moz-extension:\/\/b1a6cb4a-c7de-4abb-bba5-a70411d288ca\/icons\/512.png'); height: 22px; width: 22px; top: 416px; left: 34px;\">\u00a0<\/div>\n<div class=\"simple-translate-panel \" style=\"width: 300px; height: 200px; top: 0px; left: 0px; font-size: 13px;\">\n<div class=\"simple-translate-result-wrapper\" style=\"overflow: hidden;\">\n<div class=\"simple-translate-move\" draggable=\"true\">\u00a0<\/div>\n<div class=\"simple-translate-result-contents\">\n<p class=\"simple-translate-result\" dir=\"auto\">\n<p class=\"simple-translate-candidate\" dir=\"auto\">\n<\/div>\n<\/div>\n<\/div>\n<\/div>\n<\/div>\n<p>[\/et_pb_toggle][et_pb_toggle title=&#8221;Corporate Relations Committee&#8221; admin_label=&#8221;Yrityssuhdetoimikunta&#8221; _builder_version=&#8221;4.23.1&#8243; custom_margin_last_edited=&#8221;off|desktop&#8221; global_colors_info=&#8221;{}&#8221;]<\/p>\n<p><span lang=\"EN-GB\"><strong>Head of committee, Head of Corporate Relations<br \/><\/strong><\/span><span data-sheets-root=\"1\">Ukko Korhonen<\/span><\/p>\n<p><strong><span lang=\"EN-GB\"><span data-sheets-root=\"1\">Head of Excursions<\/span><br \/><\/span><\/strong><span data-sheets-root=\"1\">Aaron Narinen<\/span><\/p>\n<p><strong><span lang=\"EN-GB\"><span data-sheets-root=\"1\">Foreign Excursions Apprentice<\/span><br \/><\/span><\/strong><span data-sheets-root=\"1\">Ida M\u00e4ki-Hokkonen, Arvi Nykopp, Aurora P\u00f6ll\u00e4nen<br \/><\/span><\/p>\n<p><strong><span lang=\"EN-GB\"><span data-sheets-root=\"1\">Head of Foreign Excursions<\/span><br \/><\/span><\/strong><span data-sheets-root=\"1\">Jenny Nyman<\/span><\/p>\n<p><strong><span lang=\"EN-GB\">Corporate Relations Apprentice<br \/><\/span><\/strong><span data-sheets-root=\"1\">Viola Kaisla, <\/span><span data-sheets-root=\"1\">Ari-Mikael Naukkarinen, <\/span><span data-sheets-root=\"1\">Juuso Pulkkinen<\/span><\/p>\n<p><strong>TEK Contact Person<\/strong><br \/><span data-sheets-root=\"1\">Mari Koski<\/span><\/p>\n<p>&nbsp;<\/p>\n<p>[\/et_pb_toggle][\/et_pb_column_inner][\/et_pb_row_inner][et_pb_row_inner custom_padding_last_edited=&#8221;on|phone&#8221; admin_label=&#8221;Row&#8221; _builder_version=&#8221;4.16&#8243; background_color=&#8221;#ffffff&#8221; custom_margin_last_edited=&#8221;off|phone&#8221; custom_padding=&#8221;0px|10px|20px|10px&#8221; custom_padding_tablet=&#8221;0px|15px||15px&#8221; custom_padding_phone=&#8221;&#8221; locked=&#8221;off&#8221; global_colors_info=&#8221;{}&#8221;][et_pb_column_inner saved_specialty_column_type=&#8221;3_4&#8243; _builder_version=&#8221;4.16&#8243; custom_padding=&#8221;|||&#8221; custom_padding_tablet=&#8221;||30px|&#8221; custom_padding_phone=&#8221;&#8221; custom_padding_last_edited=&#8221;on|phone&#8221; global_colors_info=&#8221;{}&#8221; custom_padding__hover=&#8221;|||&#8221;][et_pb_heading title=&#8221;Other tasks&#8221; _builder_version=&#8221;4.23.1&#8243; _module_preset=&#8221;default&#8221; title_level=&#8221;h2&#8243; custom_margin=&#8221;||1px|||&#8221; custom_padding=&#8221;||5px|||&#8221; global_colors_info=&#8221;{}&#8221;][\/et_pb_heading][et_pb_text admin_label=&#8221;Sis\u00e4lt\u00f6&#8221; _builder_version=&#8221;4.23.1&#8243; custom_padding=&#8221;|20px|1px|||&#8221; custom_padding_tablet=&#8221;|0px||&#8221; custom_padding_phone=&#8221;&#8221; custom_padding_last_edited=&#8221;on|desktop&#8221; global_colors_info=&#8221;{}&#8221;]<\/p>\n<p>In addition to the previous officials&#8217; tasks, the members of the association can also apply for other tasks.<br \/>For more information about these tasks, please contact the Board.<\/p>\n<p>[\/et_pb_text][\/et_pb_column_inner][\/et_pb_row_inner][et_pb_row_inner custom_padding_last_edited=&#8221;on|phone&#8221; admin_label=&#8221;Row&#8221; _builder_version=&#8221;4.16&#8243; background_color=&#8221;#ffffff&#8221; custom_margin_last_edited=&#8221;off|phone&#8221; custom_padding=&#8221;0px|10px|20px|10px&#8221; custom_padding_tablet=&#8221;0px|15px||15px&#8221; custom_padding_phone=&#8221;&#8221; locked=&#8221;off&#8221; collapsed=&#8221;off&#8221; global_colors_info=&#8221;{}&#8221;][et_pb_column_inner saved_specialty_column_type=&#8221;3_4&#8243; _builder_version=&#8221;4.16&#8243; custom_padding=&#8221;|||&#8221; custom_padding_tablet=&#8221;||30px|&#8221; custom_padding_phone=&#8221;&#8221; custom_padding_last_edited=&#8221;on|phone&#8221; global_colors_info=&#8221;{}&#8221; custom_padding__hover=&#8221;|||&#8221;][et_pb_toggle title=&#8221;merit committee&#8221; admin_label=&#8221;Merit Committee&#8221; _builder_version=&#8221;4.23.1&#8243; custom_margin_last_edited=&#8221;off|desktop&#8221; global_colors_info=&#8221;{}&#8221;]<\/p>\n<p><span lang=\"EN-GB\"><strong>Head of Merit Committee<br \/><\/strong>Mari Koski<\/span><\/p>\n<p><strong><span lang=\"EN-GB\">Members of Merit Committee<br \/><\/span><\/strong><span style=\"font-weight: 400;\">Selja Auzeray, Valtteri Hamari, Annu K\u00e4rkk\u00e4inen, Emmi Pekkola<\/span><\/p>\n<p>[\/et_pb_toggle][et_pb_toggle title=&#8221;Harassment contact persons&#8221; admin_label=&#8221;H\u00e4irint\u00e4yhdyshenkil\u00f6t&#8221; _builder_version=&#8221;4.19.5&#8243; custom_margin_last_edited=&#8221;off|desktop&#8221; global_colors_info=&#8221;{}&#8221;]<\/p>\n<p><em>You can find the contact information for the Harassment contact persons on the <a href=\"https:\/\/www.prosessiteekkarit.fi\/yhdenvertaisuus\/\">Equality<\/a> site (currently available only in Finnish).<\/em><span lang=\"EN-GB\"><strong><\/strong><\/span><\/p>\n<p><span lang=\"EN-GB\"><strong>Harassment contact persons<br \/><\/strong><\/span><span lang=\"EN-GB\"><span>Mikael Anjala, Aki Aula, Valtteri Hamari, Ella Haravuori, Laura Jouppi, Naomi Kaura, Arvi Nykopp, Fanny Teissier<\/span><\/span><\/p>\n<p>[\/et_pb_toggle][et_pb_toggle title=&#8221;Operations inspectors&#8221; admin_label=&#8221;Auditors&#8221; _builder_version=&#8221;4.19.5&#8243; custom_margin_last_edited=&#8221;off|desktop&#8221; locked=&#8221;off&#8221; global_colors_info=&#8221;{}&#8221;]<\/p>\n<p><span lang=\"EN-GB\"><strong>Operations inspectors<br \/><\/strong>Niko Saastamoinen, Olli Tunkelo<\/span><\/p>\n<p><strong><span lang=\"EN-GB\">Vice Operations inspector<br \/><\/span><\/strong>Naomi Kaura<\/p>\n<p>[\/et_pb_toggle][\/et_pb_column_inner][\/et_pb_row_inner][\/et_pb_column][\/et_pb_section]<\/p>\n","protected":false},"excerpt":{"rendered":"<p>In addition to board tasks, the association offers a variety of different officials&#8217; tasks, which any member of the association can apply for. Applications and selections for officials are mainly made during autumn but it is also possible to apply at another time. The number of tasks per member is not limited and new officials&#8217; [&hellip;]<\/p>\n","protected":false},"author":1,"featured_media":0,"parent":0,"menu_order":0,"comment_status":"closed","ping_status":"closed","template":"","meta":{"_et_pb_use_builder":"on","_et_pb_old_content":"","_et_gb_content_width":"","footnotes":""},"class_list":["post-4616","page","type-page","status-publish","hentry"],"_links":{"self":[{"href":"https:\/\/www.prosessiteekkarit.fi\/en\/wp-json\/wp\/v2\/pages\/4616","targetHints":{"allow":["GET"]}}],"collection":[{"href":"https:\/\/www.prosessiteekkarit.fi\/en\/wp-json\/wp\/v2\/pages"}],"about":[{"href":"https:\/\/www.prosessiteekkarit.fi\/en\/wp-json\/wp\/v2\/types\/page"}],"author":[{"embeddable":true,"href":"https:\/\/www.prosessiteekkarit.fi\/en\/wp-json\/wp\/v2\/users\/1"}],"replies":[{"embeddable":true,"href":"https:\/\/www.prosessiteekkarit.fi\/en\/wp-json\/wp\/v2\/comments?post=4616"}],"version-history":[{"count":83,"href":"https:\/\/www.prosessiteekkarit.fi\/en\/wp-json\/wp\/v2\/pages\/4616\/revisions"}],"predecessor-version":[{"id":15434,"href":"https:\/\/www.prosessiteekkarit.fi\/en\/wp-json\/wp\/v2\/pages\/4616\/revisions\/15434"}],"wp:attachment":[{"href":"https:\/\/www.prosessiteekkarit.fi\/en\/wp-json\/wp\/v2\/media?parent=4616"}],"curies":[{"name":"wp","href":"https:\/\/api.w.org\/{rel}","templated":true}]}}