{"id":4570,"date":"2018-06-08T13:45:38","date_gmt":"2018-06-08T10:45:38","guid":{"rendered":"https:\/\/prosessiteekkarit.fi\/contact\/"},"modified":"2022-09-04T18:59:44","modified_gmt":"2022-09-04T15:59:44","slug":"contact","status":"publish","type":"page","link":"https:\/\/www.prosessiteekkarit.fi\/en\/contact\/","title":{"rendered":"Contact"},"content":{"rendered":"<p>[et_pb_section fb_built=&#8221;1&#8243; fullwidth=&#8221;on&#8221; _builder_version=&#8221;4.16&#8243; animation_style=&#8221;fade&#8221; animation_direction=&#8221;top&#8221; global_colors_info=&#8221;{}&#8221;][et_pb_fullwidth_code admin_label=&#8221;Kuva &#8211; JS&#8221; _builder_version=&#8221;4.16&#8243; global_colors_info=&#8221;{}&#8221;]<\/p>\n<div class=\"banner_content\"><!-- [et_pb_line_break_holder] --><script><!-- [et_pb_line_break_holder] -->  var random_images_array = [\"1\", \"2\", \"3\"]; \/\/ lis\u00e4\u00e4 t\u00e4h\u00e4n lis\u00e4\u00e4 numeroita riippuen kuvien m\u00e4\u00e4r\u00e4st\u00e4<!-- [et_pb_line_break_holder] -->function getRandomImage(imgAr, path) {<!-- [et_pb_line_break_holder] -->path = \"http:\/\/www.prosessiteekkarit.fi\/wp-content\/uploads\/2019\/11\/yhteystietokuva\"; \/\/ lis\u00e4\u00e4 kuvien polku t\u00e4h\u00e4n<!-- [et_pb_line_break_holder] --> var num = Math.floor( Math.random() * imgAr.length );<!-- [et_pb_line_break_holder] --> var img = imgAr[ num ];<!-- [et_pb_line_break_holder] --> var imgStr = '<img decoding=\"async\" src=\"' + path + img + '.jpg' + '\" alt=\"\">';<!-- [et_pb_line_break_holder] --> document.write(imgStr); document.close();<!-- [et_pb_line_break_holder] -->}<!-- [et_pb_line_break_holder] -->getRandomImage(random_images_array);<!-- [et_pb_line_break_holder] --><\/script><!-- [et_pb_line_break_holder] --><\/div>\n<p>[\/et_pb_fullwidth_code][et_pb_fullwidth_post_title meta=&#8221;off&#8221; featured_placement=&#8221;background&#8221; text_color=&#8221;light&#8221; admin_label=&#8221;Otsikko&#8221; module_class=&#8221;banner_content&#8221; _builder_version=&#8221;4.16&#8243; title_line_height=&#8221;0em&#8221; text_orientation=&#8221;center&#8221; module_alignment=&#8221;center&#8221; custom_padding=&#8221;0px||0px|&#8221; custom_padding_tablet=&#8221;&#8221; custom_padding_phone=&#8221;&#8221; custom_padding_last_edited=&#8221;on|phone&#8221; title_text_shadow_style=&#8221;preset1&#8243; global_colors_info=&#8221;{}&#8221;][\/et_pb_fullwidth_post_title][\/et_pb_section][et_pb_section fb_built=&#8221;1&#8243; custom_padding_last_edited=&#8221;on|phone&#8221; _builder_version=&#8221;4.16&#8243; custom_padding=&#8221;0px||0px||true|false&#8221; custom_padding_tablet=&#8221;|5%||5%|true|true&#8221; custom_padding_phone=&#8221;||||true|true&#8221; global_colors_info=&#8221;{}&#8221;][et_pb_row column_structure=&#8221;1_3,1_3,1_3&#8243; custom_padding_last_edited=&#8221;on|desktop&#8221; _builder_version=&#8221;4.17.6&#8243; background_size=&#8221;initial&#8221; background_position=&#8221;top_left&#8221; background_repeat=&#8221;repeat&#8221; custom_padding=&#8221;2%||2%||true|false&#8221; custom_padding_tablet=&#8221;6%||6%||true|false&#8221; custom_padding_phone=&#8221;10%||10%||true|false&#8221; global_colors_info=&#8221;{}&#8221;][et_pb_column type=&#8221;1_3&#8243; _builder_version=&#8221;4.16&#8243; custom_padding=&#8221;|||&#8221; global_colors_info=&#8221;{}&#8221; custom_padding__hover=&#8221;|||&#8221;][et_pb_image src=&#8221;http:\/\/www.prosessiteekkarit.fi\/wp-content\/uploads\/2020\/11\/yhdistys.png&#8221; title_text=&#8221;association&#8221; align=&#8221;center&#8221; _builder_version=&#8221;4.16&#8243; _module_preset=&#8221;default&#8221; global_colors_info=&#8221;{}&#8221;][\/et_pb_image][et_pb_text admin_label=&#8221;Yhdistys&#8221; _builder_version=&#8221;4.16&#8243; custom_padding_tablet=&#8221;||20px|&#8221; custom_padding_phone=&#8221;&#8221; custom_padding_last_edited=&#8221;on|tablet&#8221; global_colors_info=&#8221;{}&#8221;]<\/p>\n<h1 style=\"text-align: center;\">Association<\/h1>\n<p style=\"text-align: center;\"><strong>Mailing address<br \/><\/strong>PL 16100, 00076 Aalto<\/p>\n<p style=\"text-align: center;\"><strong>Address<br \/><\/strong>Kemistintie 1 D 2, 02150 Espoo<\/p>\n<p style=\"text-align: center;\"><strong>Business ID<\/strong><br \/>2647395-7<\/p>\n<p>[\/et_pb_text][\/et_pb_column][et_pb_column type=&#8221;1_3&#8243; _builder_version=&#8221;4.16&#8243; custom_padding=&#8221;|||&#8221; global_colors_info=&#8221;{}&#8221; custom_padding__hover=&#8221;|||&#8221;][et_pb_image src=&#8221;http:\/\/www.prosessiteekkarit.fi\/wp-content\/uploads\/2020\/11\/sahkoposti.png&#8221; title_text=&#8221;email&#8221; align=&#8221;center&#8221; _builder_version=&#8221;4.16&#8243; _module_preset=&#8221;default&#8221; global_colors_info=&#8221;{}&#8221;][\/et_pb_image][et_pb_text admin_label=&#8221;S\u00e4hk\u00f6posti&#8221; _builder_version=&#8221;4.17.6&#8243; custom_padding_tablet=&#8221;||20px|&#8221; custom_padding_phone=&#8221;&#8221; custom_padding_last_edited=&#8221;on|desktop&#8221; global_colors_info=&#8221;{}&#8221;]<\/p>\n<h1 style=\"text-align: center;\">Email<\/h1>\n<p style=\"text-align: center;\"><strong>Board<br \/><\/strong><a href=\"mailto:hallitus@prosessiteekkarit.fi\">hallitus(at)prosessiteekkarit.fi<\/a><\/p>\n<p style=\"text-align: center;\"><strong>Publicity matters<br \/><\/strong><a href=\"mailto:tiedottajasihteeri@prosessiteekkarit.fi\">tiedottajasihteeri(at)prosessiteekkarit.fi<\/a><\/p>\n<p style=\"text-align: center;\"><strong>CanCan<br \/><\/strong><a href=\"mailto:cancan@prosessiteekkarit.fi\">cancan(at)prosessiteekkarit.fi<\/a><\/p>\n<p style=\"text-align: center;\"><strong>Alumni<\/strong><\/p>\n<p style=\"text-align: center;\"><a href=\"mailto:alumnivastaavat@prosessiteekkarit.fi\">alumnivastaavat(at)prosessiteekkarit.fi<\/a><strong><\/strong><\/p>\n<p style=\"text-align: center;\">\n<p>[\/et_pb_text][\/et_pb_column][et_pb_column type=&#8221;1_3&#8243; _builder_version=&#8221;4.16&#8243; custom_padding=&#8221;|||&#8221; global_colors_info=&#8221;{}&#8221; custom_padding__hover=&#8221;|||&#8221;][et_pb_image src=&#8221;http:\/\/www.prosessiteekkarit.fi\/wp-content\/uploads\/2020\/11\/tilitiedot.png&#8221; title_text=&#8221;invoices&#8221; align=&#8221;center&#8221; _builder_version=&#8221;4.16&#8243; _module_preset=&#8221;default&#8221; global_colors_info=&#8221;{}&#8221;][\/et_pb_image][et_pb_text admin_label=&#8221;Tilitiedot&#8221; _builder_version=&#8221;4.16&#8243; custom_padding_tablet=&#8221;||0px|&#8221; custom_padding_phone=&#8221;&#8221; custom_padding_last_edited=&#8221;on|desktop&#8221; global_colors_info=&#8221;{}&#8221;]<\/p>\n<h1 style=\"text-align: center;\">Bank information<\/h1>\n<p style=\"text-align: center;\"><b>Recipient<br \/><\/b>Prosessiteekkarit ry<\/p>\n<p style=\"text-align: center;\"><strong>IBAN<br \/><\/strong>FI12 5780 3820 1874 81<\/p>\n<p style=\"text-align: center;\"><strong>BIC<br \/><\/strong>OKOYFIHH<\/p>\n<p>[\/et_pb_text][\/et_pb_column][\/et_pb_row][\/et_pb_section][et_pb_section fb_built=&#8221;1&#8243; fullwidth=&#8221;on&#8221; _builder_version=&#8221;4.16&#8243; animation_style=&#8221;fade&#8221; global_colors_info=&#8221;{}&#8221;][et_pb_fullwidth_map address=&#8221;Kemistintie 1 D 2, 02150 Espoo, Suomi&#8221; address_lat=&#8221;60.1836146&#8243; address_lng=&#8221;24.8244889&#8243; mouse_wheel=&#8221;off&#8221; _builder_version=&#8221;4.16&#8243; animation_style=&#8221;fade&#8221; global_colors_info=&#8221;{}&#8221;][et_pb_map_pin title=&#8221;Prosessiteekkarit ry&#8221; pin_address=&#8221;Prosessiteekkarit ry&#8221; pin_address_lat=&#8221;60.1836146&#8243; pin_address_lng=&#8221;24.8244889&#8243; _builder_version=&#8221;4.9.4&#8243; global_colors_info=&#8221;{}&#8221;]<\/p>\n<p>Kemistintie 1 D 2, 02150 Espoo<br \/>Y-tunnus: 2647395-7<\/p>\n<p>[\/et_pb_map_pin][\/et_pb_fullwidth_map][\/et_pb_section]<\/p>\n","protected":false},"excerpt":{"rendered":"<p>Association Mailing addressPL 16100, 00076 Aalto AddressKemistintie 1 D 2, 02150 Espoo Business ID2647395-7Email Boardhallitus(at)prosessiteekkarit.fi Publicity matterstiedottajasihteeri(at)prosessiteekkarit.fi CanCancancan(at)prosessiteekkarit.fi Alumni alumnivastaavat(at)prosessiteekkarit.fi Bank information RecipientProsessiteekkarit ry IBANFI12 5780 3820 1874 81 BICOKOYFIHHKemistintie 1 D 2, 02150 EspooY-tunnus: 2647395-7<\/p>\n","protected":false},"author":1,"featured_media":0,"parent":0,"menu_order":0,"comment_status":"closed","ping_status":"closed","template":"","meta":{"_et_pb_use_builder":"on","_et_pb_old_content":"","_et_gb_content_width":"","footnotes":""},"class_list":["post-4570","page","type-page","status-publish","hentry"],"_links":{"self":[{"href":"https:\/\/www.prosessiteekkarit.fi\/en\/wp-json\/wp\/v2\/pages\/4570","targetHints":{"allow":["GET"]}}],"collection":[{"href":"https:\/\/www.prosessiteekkarit.fi\/en\/wp-json\/wp\/v2\/pages"}],"about":[{"href":"https:\/\/www.prosessiteekkarit.fi\/en\/wp-json\/wp\/v2\/types\/page"}],"author":[{"embeddable":true,"href":"https:\/\/www.prosessiteekkarit.fi\/en\/wp-json\/wp\/v2\/users\/1"}],"replies":[{"embeddable":true,"href":"https:\/\/www.prosessiteekkarit.fi\/en\/wp-json\/wp\/v2\/comments?post=4570"}],"version-history":[{"count":26,"href":"https:\/\/www.prosessiteekkarit.fi\/en\/wp-json\/wp\/v2\/pages\/4570\/revisions"}],"predecessor-version":[{"id":10793,"href":"https:\/\/www.prosessiteekkarit.fi\/en\/wp-json\/wp\/v2\/pages\/4570\/revisions\/10793"}],"wp:attachment":[{"href":"https:\/\/www.prosessiteekkarit.fi\/en\/wp-json\/wp\/v2\/media?parent=4570"}],"curies":[{"name":"wp","href":"https:\/\/api.w.org\/{rel}","templated":true}]}}