{"id":14433,"date":"2025-09-09T23:52:58","date_gmt":"2025-09-09T20:52:58","guid":{"rendered":"https:\/\/www.prosessiteekkarit.fi\/?page_id=14433"},"modified":"2025-09-12T15:22:53","modified_gmt":"2025-09-12T12:22:53","slug":"lammonsiirto-etiquette","status":"publish","type":"page","link":"https:\/\/www.prosessiteekkarit.fi\/en\/lammonsiirto-etiquette\/","title":{"rendered":"L\u00e4mm\u00f6nsiirron etikettiohje"},"content":{"rendered":"<p>[et_pb_section fb_built=&#8221;1&#8243; _builder_version=&#8221;4.23.1&#8243; background_enable_image=&#8221;off&#8221; custom_margin=&#8221;0px||||false|false&#8221; custom_padding=&#8221;0px||||false|false&#8221; collapsed=&#8221;off&#8221; global_colors_info=&#8221;{}&#8221;][et_pb_row _builder_version=&#8221;4.23.1&#8243; _module_preset=&#8221;default&#8221; custom_padding=&#8221;||27px|||&#8221; global_colors_info=&#8221;{}&#8221;][et_pb_column type=&#8221;4_4&#8243; _builder_version=&#8221;4.23.1&#8243; _module_preset=&#8221;default&#8221; global_colors_info=&#8221;{}&#8221;][et_pb_heading title=&#8221; L\u00e4mm\u00f6nsiirto&#8221; _builder_version=&#8221;4.23.1&#8243; _module_preset=&#8221;default&#8221; title_text_align=&#8221;center&#8221; title_text_color=&#8221;#006441&#8243; title_font_size=&#8221;35px&#8221; background_enable_color=&#8221;off&#8221; background_enable_image=&#8221;off&#8221; parallax=&#8221;on&#8221; min_height=&#8221;87.7px&#8221; custom_margin=&#8221;||-45px|||&#8221; global_colors_info=&#8221;{}&#8221;][\/et_pb_heading][\/et_pb_column][\/et_pb_row][et_pb_row _builder_version=&#8221;4.23.1&#8243; _module_preset=&#8221;default&#8221; global_colors_info=&#8221;{}&#8221;][et_pb_column type=&#8221;4_4&#8243; _builder_version=&#8221;4.23.1&#8243; _module_preset=&#8221;default&#8221; global_colors_info=&#8221;{}&#8221;][et_pb_text _builder_version=&#8221;4.23.1&#8243; _module_preset=&#8221;default&#8221; max_width=&#8221;90%&#8221; module_alignment=&#8221;center&#8221; custom_padding=&#8221;|0px||||&#8221; global_colors_info=&#8221;{}&#8221;]<\/p>\n<h4 style=\"text-align: center;\">general information about the day<\/h4>\n<p>&nbsp;<\/p>\n<p><span style=\"color: #006441; font-size: large;\"><strong>Cocktail Event<\/strong><\/span><\/p>\n<p><span style=\"font-weight: 400;\">The Cocktail Event is a more relaxed event held before the main celebration. During the event, invited guests traditionally present their gifts to the Board of the guild celebrating its anniversary. A gift-giving schedule will be sent to all gift-givers in advance, and it should be followed carefully. If you are not participating in the gift-giving, you may arrive at the event at a time that suits you or go directly to the main celebration. As the name suggests, light snacks and drinks are typically served during the Cocktail Event. <\/span><\/p>\n<p><span style=\"font-weight: 400;\"><\/span><\/p>\n<p><strong><span style=\"color: #006441; font-size: large;\">Banquet<\/span><\/strong><\/p>\n<p><strong>Arrival<\/strong><\/p>\n<p><strong><span style=\"font-weight: 400;\">It is polite to arrive at the Banquet on time, although shared transportation from the cocktail reception is often provided. If you arrive late, it is good manners to wait for a suitable moment during a speech or performance to take your seat. Before proceeding to the tables, you may check your seating assignment on the charts located near the entrance of the hall. Upon reaching your seat, it is customary to introduce yourself to the fellow guests seated nearby. \u00a0<\/span><\/strong><\/p>\n<p><strong>During the Banquet<\/strong><\/p>\n<p><span style=\"font-weight: 400;\">The celebration traditionally begins with the arrival of the flags, followed by the song <\/span><i><span style=\"font-weight: 400;\">Hyv\u00e4t yst\u00e4v\u00e4t<\/span><\/i><span style=\"font-weight: 400;\"> (\u201cGood Friends\u201d). Guests are kindly asked to remain standing until after this. The Banquet is led by the Master of Ceremonies, who at the beginning of the evening will present the program and provide practical information about the venue.<\/span><\/p>\n<p><span style=\"font-weight: 400;\">Throughout the evening, guests are expected to follow the guidance of the Master of Ceremonies and the song leaders, and to maintain polite behaviour. During speeches or performances, it is courteous to remain silent and attentive. Guests are also asked to avoid eating or moving around the hall during the program, as unnecessary movement or clattering cutlery can distract from the atmosphere. Good manners are particularly important until the flags have been carried out. After this, the program becomes somewhat more relaxed, although behavior appropriate to the dignity of the occasion should be observed throughout the evening.<\/span><\/p>\n<p><span style=\"font-weight: 400;\">When participating in the playful interludes that accompany the songs, guests are reminded to respect the formal nature of the celebration, for example, standing on chairs should always be avoided. You may bring your songbook, which is often passed around among table companions during dessert to write down memories. It is also traditional to fold playful konjakkikorvat (\u201ccognac ears\u201d) from your napkin during dessert.<\/span><\/p>\n<p><span style=\"font-weight: 400;\">The anniversary celebration of the PT concludes with academic dances, the most common of which include the <\/span><i><span style=\"font-weight: 400;\">Kikapoo, Pas d\u2019Espagne, Polonaise,<\/span><\/i><span style=\"font-weight: 400;\"> and <\/span><i><span style=\"font-weight: 400;\">Waltz<\/span><\/i><span style=\"font-weight: 400;\">.<\/span><\/p>\n<p><strong>The After Party<\/strong><\/p>\n<p><span style=\"font-weight: 400;\">The Banquet is usually followed by more informal after-parties, which may take place either at the main venue or at a separate location. On the dance floor, you can unwind and release the energy built up during the seated banquet. After parties often feature live music, but there is rarely a formal program.\u00a0 <\/span><\/p>\n<p>&nbsp;<\/p>\n<h4 style=\"text-align: center;\">Dress code<\/h4>\n<p>&nbsp;<\/p>\n<p><span style=\"font-weight: 400;\">For Prosessiteekkarit ry\u2019s Annual Ball, the traditional dress code is <i>white tie with academic honors<\/i>, which means very festive and dignified attire. The dress code includes a tailcoat or a dark suit, or alternatively a full-length evening gown. In addition to academic decorations, from first of May to the end of September the dress code also includes the teekkari cap. While it is recommended to respect the dignity of the celebration by dressing formally, the dress code is not absolute. The greatest breach of etiquette is pointing out someone else\u2019s breach, and the most important thing is to participate.. <\/span><\/p>\n<p><strong>White tie<\/strong><\/p>\n<p><span style=\"font-weight: 400;\">The dignified dress code for the Annual Ball, white tie, allows participants to wear a tailcoat, a dark suit, or a full-length evening gown. At the Banquet, a tailcoat is worn with a white vest and patent leather shoes or pumps. The evening gown should be made of formal material, but the style can be freely chosen. Typical footwear includes closed-toe pumps or sandals, and as a handbag, a strapless, delicate evening clutch is used. Traditionally, shoulders have been covered at the beginning of the celebration, for example with a light scarf. Long hair has traditionally been kept up according to the dress code, for example in an updo or some other formal hairstyle.<\/span><\/p>\n<p><span style=\"font-weight: 400;\"><\/span><\/p>\n<p><strong>Academic Decorations<\/strong><\/p>\n<p><span style=\"font-weight: 400;\">As a Prosessiteekkari, your academic decorations include, among others, AYY\u2019s student union sash and the Teekkari sash, which in a tailcoat are worn under the vest, draped from the right shoulder across the chest to the left hip. With an evening gown, the sashes are worn on the right side of the chest as rosettes. In addition to these, you may simultaneously wear other sashes you have earned, such as a merit sash, a nation\u2019s sash, or a sash from another field of study of yours. The traditional maximum number of sashes is three, and their order is predetermined. The AYY sash is worn above the Teekkari sash and any guild or merit sash. The silver stripe should face downward, both when worn as a sash and when folded into a rosette. Instructions for folding rosettes can be found <a href=\"https:\/\/www.ayy.fi\/en\/insignia-used-by-aalto-students\/making-a-rosette-from-the-student-union-sash\">here<\/a>. A brooch pin, which can be purchased at most craft stores, can make attaching a rosette easier. When wearing multiple sashes, it is good to check the rules for each sash in advance, as some have specific regulations affecting their placement.<\/span><\/p>\n<p><strong>Pins<\/strong><\/p>\n<p><span style=\"font-weight: 400;\">For Prosessiteekkarit, the membership symbol is the membership pin, which is placed on the left side of the chest. You can purchase the membership pin from the association\u2019s board at the pHuone. Alongside the membership pin, you may also wear pins from other organizations, such as clubs or other associations.<\/span><\/p>\n<p>[\/et_pb_text][\/et_pb_column][\/et_pb_row][et_pb_row column_structure=&#8221;1_4,1_4,1_4,1_4&#8243; _builder_version=&#8221;4.23.1&#8243; _module_preset=&#8221;default&#8221; width=&#8221;100%&#8221; max_width=&#8221;1090px&#8221; border_color_all=&#8221;RGBA(255,255,255,0)&#8221; global_colors_info=&#8221;{}&#8221;][et_pb_column type=&#8221;1_4&#8243; _builder_version=&#8221;4.23.1&#8243; _module_preset=&#8221;default&#8221; global_colors_info=&#8221;{}&#8221;][et_pb_image src=&#8221;http:\/\/www.prosessiteekkarit.fi\/wp-content\/uploads\/2025\/09\/53252011240_b614d244c4_o-scaled.jpg&#8221; title_text=&#8221;53252011240_b614d244c4_o&#8221; _builder_version=&#8221;4.23.1&#8243; _module_preset=&#8221;default&#8221; max_width=&#8221;100%&#8221; global_colors_info=&#8221;{}&#8221;][\/et_pb_image][\/et_pb_column][et_pb_column type=&#8221;1_4&#8243; _builder_version=&#8221;4.23.1&#8243; _module_preset=&#8221;default&#8221; global_colors_info=&#8221;{}&#8221;][et_pb_image src=&#8221;http:\/\/www.prosessiteekkarit.fi\/wp-content\/uploads\/2025\/09\/53252014230_be4dc7be4d_o-scaled.jpg&#8221; title_text=&#8221;53252014230_be4dc7be4d_o&#8221; _builder_version=&#8221;4.23.1&#8243; _module_preset=&#8221;default&#8221; max_width=&#8221;100%&#8221; global_colors_info=&#8221;{}&#8221;][\/et_pb_image][\/et_pb_column][et_pb_column type=&#8221;1_4&#8243; _builder_version=&#8221;4.23.1&#8243; _module_preset=&#8221;default&#8221; global_colors_info=&#8221;{}&#8221;][et_pb_image src=&#8221;http:\/\/www.prosessiteekkarit.fi\/wp-content\/uploads\/2025\/09\/52425389775_01048269bb_k.jpg&#8221; title_text=&#8221;52425389775_01048269bb_k&#8221; _builder_version=&#8221;4.23.1&#8243; _module_preset=&#8221;default&#8221; max_width=&#8221;100%&#8221; global_colors_info=&#8221;{}&#8221;][\/et_pb_image][\/et_pb_column][et_pb_column type=&#8221;1_4&#8243; _builder_version=&#8221;4.23.1&#8243; _module_preset=&#8221;default&#8221; global_colors_info=&#8221;{}&#8221;][et_pb_image src=&#8221;http:\/\/www.prosessiteekkarit.fi\/wp-content\/uploads\/2025\/09\/52424929396_be744e6a60_o-scaled.jpg&#8221; title_text=&#8221;52424929396_be744e6a60_o&#8221; _builder_version=&#8221;4.23.1&#8243; _module_preset=&#8221;default&#8221; max_width=&#8221;100%&#8221; global_colors_info=&#8221;{}&#8221;][\/et_pb_image][\/et_pb_column][\/et_pb_row][et_pb_row _builder_version=&#8221;4.23.1&#8243; _module_preset=&#8221;default&#8221; global_colors_info=&#8221;{}&#8221;][et_pb_column type=&#8221;4_4&#8243; _builder_version=&#8221;4.23.1&#8243; _module_preset=&#8221;default&#8221; global_colors_info=&#8221;{}&#8221;][et_pb_text _builder_version=&#8221;4.23.1&#8243; _module_preset=&#8221;default&#8221; hover_enabled=&#8221;0&#8243; global_colors_info=&#8221;{}&#8221; sticky_enabled=&#8221;0&#8243;]<\/p>\n<p>Pictures from left to right: Elsa Kattainen, Elsa Kattainen, Markus Toivonen, Markus Toivonen<\/p>\n<p>[\/et_pb_text][\/et_pb_column][\/et_pb_row][\/et_pb_section]<\/p>\n","protected":false},"excerpt":{"rendered":"<p>general information about the day &nbsp; Cocktail Event The Cocktail Event is a more relaxed event held before the main celebration. During the event, invited guests traditionally present their gifts to the Board of the guild celebrating its anniversary. A gift-giving schedule will be sent to all gift-givers in advance, and it should be followed [&hellip;]<\/p>\n","protected":false},"author":1,"featured_media":0,"parent":0,"menu_order":0,"comment_status":"closed","ping_status":"closed","template":"","meta":{"_et_pb_use_builder":"on","_et_pb_old_content":"<p>[et_pb_section fb_built=\"1\" _builder_version=\"4.23.1\" background_enable_image=\"off\" custom_margin=\"0px||||false|false\" custom_padding=\"0px||||false|false\" collapsed=\"off\" global_colors_info=\"{}\"][et_pb_row _builder_version=\"4.23.1\" _module_preset=\"default\" custom_padding=\"||27px|||\" global_colors_info=\"{}\"][et_pb_column type=\"4_4\" _builder_version=\"4.23.1\" _module_preset=\"default\" global_colors_info=\"{}\"][et_pb_heading title=\" L\u00e4mm\u00f6nsiirto\" _builder_version=\"4.23.1\" _module_preset=\"default\" title_text_align=\"center\" title_text_color=\"#006441\" title_font_size=\"35px\" background_enable_color=\"off\" background_enable_image=\"off\" parallax=\"on\" min_height=\"87.7px\" custom_margin=\"||-45px|||\" global_colors_info=\"{}\"][\/et_pb_heading][\/et_pb_column][\/et_pb_row][et_pb_row _builder_version=\"4.23.1\" _module_preset=\"default\" global_colors_info=\"{}\"][et_pb_column type=\"4_4\" _builder_version=\"4.23.1\" _module_preset=\"default\" global_colors_info=\"{}\"][et_pb_text _builder_version=\"4.23.1\" _module_preset=\"default\" max_width=\"90%\" module_alignment=\"center\" custom_padding=\"|0px||||\" global_colors_info=\"{}\"]<\/p><h4 style=\"text-align: center;\">Yleisesti juhlan kulusta<\/h4><p>\u00a0<\/p><p><span style=\"color: #006441; font-size: large;\"><strong>Cocktailtilaisuus<\/strong><\/span><\/p><p><span style=\"font-weight: 400;\">Cocktailtilaisuus on ennen p\u00e4\u00e4juhlaa j\u00e4rjestett\u00e4v\u00e4 rennompi tilaisuus. Tilaisuuden aikana kutsuvieraat antavat perinteisesti lahjansa vuosijuhlia juhlivan killan hallitukselle vuorottain. Lahjanantoaikataulu l\u00e4hetet\u00e4\u00e4n ennen juhlap\u00e4iv\u00e4\u00e4 kaikille lahjan antaville tahoille, ja sit\u00e4 on syyt\u00e4 noudattaa tarkasti. Mik\u00e4li et osallistu lahjanantoon, voit saapua tilaisuuteen joustavasti sinulle sopivaan aikaan tai suoraan p\u00e4\u00e4juhlaan. Cocktailtilaisuuden aikana on tilaisuuden nimenkin mukaisesti tyypillisesti tarjolla pient\u00e4 suupalaa ja juotavaa.\u00a0<\/span><\/p><p>\u00a0<\/p><p><strong><span style=\"color: #006441; font-size: large;\">P\u00e4\u00e4juhla<\/span><\/strong><\/p><p><strong>Saapuminen<\/strong><\/p><p><strong><span style=\"font-weight: 400;\">P\u00e4\u00e4juhlaan on kohteliasta saapua ajoissa, joskin usein juhlaan j\u00e4rjestet\u00e4\u00e4n yhteinen kuljetus cocktailtilaisuudesta. My\u00f6h\u00e4ss\u00e4 saapuessa on hyv\u00e4n tavan mukaista odottaa puheen tai esityksen aikana sopivaa hetke\u00e4 siirty\u00e4 omalle paikalle. Ennen p\u00f6ytiin siirtymist\u00e4 voit tarkastaa oman istumapaikkasi salin sis\u00e4\u00e4nk\u00e4ynnin l\u00e4heisyyteen sijoitetuista p\u00f6yt\u00e4kartoista. Saavuttaessa omalle paikalle on suotavaa esitt\u00e4yty\u00e4 l\u00e4himmille vierustovereille viimeist\u00e4\u00e4n p\u00f6yt\u00e4\u00e4n istuttaessa.\u00a0 <\/span><\/strong><\/p><p><strong>Juhlan aikana<\/strong><\/p><p><strong><span style=\"font-weight: 400;\">Juhla alkaa perinteisesti lippujen saapumisella, jota seuraa kappale Hyv\u00e4t yst\u00e4v\u00e4t. Vasta t\u00e4m\u00e4n j\u00e4lkeen on suotavaa istua. Juhlaa johtaa seremoniamestari, joka kertoo juhlan alussa illan tarkemmasta kulusta sek\u00e4 juhlatilaan liittyvist\u00e4 k\u00e4yt\u00e4nn\u00f6n asioista. Juhlan aikana p\u00e4rj\u00e4\u00e4t erinomaisesti kohteliailla k\u00e4yt\u00f6stavoilla noudattaen seremoniamestarin ja lukkareiden ohjeita. Puheiden tai esitysten aikana on kohteliasta olla hiljaa ja keskitty\u00e4 lavan toimintaan. Ohjelman aikana on suotavaa v\u00e4ltt\u00e4\u00e4 my\u00f6s sy\u00f6mist\u00e4 ja liikkumista salissa. Ylim\u00e4\u00e4r\u00e4isest\u00e4 liikkumisesta ja ruokailuv\u00e4lineiden kilin\u00e4st\u00e4 syntyy saliin helposti h\u00e4iritsev\u00e4\u00e4 melua, joka vie huomion pois juhlan tunnelmasta. Hyv\u00e4\u00e4 k\u00e4yt\u00f6st\u00e4 on syyt\u00e4 pit\u00e4\u00e4 yll\u00e4 erityisesti lippujen poistumiseen asti. T\u00e4m\u00e4n j\u00e4lkeen juhlan ohjelma rentoutuu hieman, joskin juhlan arvon mukaista k\u00e4ytt\u00e4ytymist\u00e4 on syyt\u00e4 yll\u00e4pit\u00e4\u00e4 koko illan ajan. Kappaleisiin kuuluvien leikkien kanssa on syyt\u00e4 huomioida juhlan arvokkuus ja esimerkiksi tuoleilla seisomista tulee v\u00e4ltt\u00e4\u00e4 aina. Juhlaan voit kuitenkin ottaa mukaan laulukirjasi, joita on tyypillisesti kierr\u00e4tetty muistojen ikuistamista varten p\u00f6yt\u00e4seurueen kesken j\u00e4lkiruoan aikana. J\u00e4lkiruoan aikana voit taitella itsellesi lautasliinasta perinteiset konjakkikorvat. Prosessiteekkareiden vuosijuhlat p\u00e4\u00e4ttyv\u00e4t akateemisiin juhlatansseihin joista yleisimmin tanssittuja ovat muiden muassa Kikapoo, Pas d'Espagne, Poloneesi ja Kehruuvalssi.<\/span><\/strong><\/p><p><strong>Juhlan j\u00e4lkeen<\/strong><\/p><p><span style=\"font-weight: 400;\">P\u00e4\u00e4juhlaa seuraa yleens\u00e4 vapaamuotoisemmat jatkot, jotka voidaan juhlasta riippuen j\u00e4rjest\u00e4\u00e4 joko p\u00e4\u00e4juhlapaikassa tai erillisess\u00e4 jatkopaikassa. Jatkojen tanssilattialla voit hyvin p\u00e4\u00e4st\u00e4\u00e4 valloilleen kaiken p\u00e4\u00e4juhlassa istuessa kertyneen energian. Jatkojen aikana on usein livemusiikkia, mutta varsinaista tarkkaa ohjelmaa on harvoin. <\/span><\/p><p>\u00a0<\/p><h4 style=\"text-align: center;\">Pukeutuminen<\/h4><p>\u00a0<\/p><p><span style=\"font-weight: 400;\">Prosessiteekkareiden vuosijuhlien pukukoodi on perinteisesti juhlapuku akateemisin kunniamerkein, mik\u00e4 tarkoittaa hyvin juhlavaa ja arvokasta pukeutumista. Pukukoodi tarkoittaa frakkia tai tummaa pukua tai vaihtoehtoisesti t\u00e4yspitk\u00e4\u00e4 iltapukua. Akateemisten kunniamerkkien lis\u00e4ksi lakink\u00e4ytt\u00f6aikana pukukoodiin kuuluu my\u00f6s teekkarilakki. Vaikka juhlien arvokkuutta on suotavaa kunnioittaa pukeutumalla juhlavasti, ei pukukoodi ole ehdoton. Suurin etikettivirhe on toisen etikettivirheest\u00e4 huomauttaminen ja t\u00e4rkeint\u00e4 on osallistuminen. <\/span><\/p><p><strong>Juhlapuku<\/strong><\/p><p><span style=\"font-weight: 400;\">V<\/span><span style=\"font-size: 14px;\">uosijuhlien arvokas pukukoodi, juhlapuku, mahdollistaa osallistujalle frakin, tumman puvun tai t\u00e4yspitk\u00e4n iltapuvun k\u00e4yt\u00f6n. Iltajuhlassa frakkia k\u00e4ytet\u00e4\u00e4n valkoisen liivin ja kiiltonahkakenkien tai avokkaiden kanssa. Iltapuku on juhlavasta materiaalista valmistettu, mutta malliltaan vapaa. Kenkin\u00e4 k\u00e4ytet\u00e4\u00e4n tyypillisesti umpik\u00e4rkisi\u00e4 avokkaita tai sandaletteja ja laukkuna hihnatonta siroa iltalaukkua. Perinteisesti olkap\u00e4\u00e4t on pidetty peitettyn\u00e4 juhlan alussa esimerkiksi ohuella juhlavalla huivilla. Pitk\u00e4t hiukset on perinteisesti pukukoodin mukaan pidetty kiinni esimerkiksi nutturalla tai muussa juhlakampauksessa.\u00a0<\/span><\/p><p>\u00a0<\/p><p><strong>Akateemiset kunniamerkit<\/strong><\/p><p><span style=\"font-weight: 400;\">Prosessiteekkarina akateemisiin kunniamerkkeihisi kuuluu muun muassa AYY:n kuntanauha ja Teekkarinauha, jotka kiinnitet\u00e4\u00e4n frakissa liivin alle laskeutumaan oikealta olalta rinnan ylitse vasemmalle vy\u00f6t\u00e4r\u00f6lle. Iltapuvussa nauhat kiinnitet\u00e4\u00e4n oikeaan rinnukseen ruusukkeina. N\u00e4iden lis\u00e4ksi voit k\u00e4ytt\u00e4\u00e4 samanaikaisesti my\u00f6s mahdollisia muita ansaitsemiasi nauhoja, kuten esimerkiksi ansiomerkkinauhaa, osakunnan nauhaa tai toisen opintoalasi nauhaa. Nauhojen m\u00e4\u00e4r\u00e4 on kuitenkin perinteisesti enint\u00e4\u00e4n kolme ja nauhojen j\u00e4rjestys ennalta m\u00e4\u00e4r\u00e4tty. AYY:n nauhaa pidet\u00e4\u00e4n Teekkarinauhan ja kilta- tai ansionauhan yl\u00e4puolella. Hopeinen raita on suunnattu alasp\u00e4in ja ruusukkeessa alasp\u00e4in ja oikealle. Ohjeet ruusukkeiden taittelemiseen voi katsoa <\/span><a href=\"https:\/\/www.ayy.fi\/fi\/aallon-opiskelijoiden-kayttamia-tunnuksia\/nain-teet-kuntanauhasta-ruusukkeen\">t\u00e4\u00e4lt\u00e4<\/a><span style=\"font-weight: 400;\">. Ruusukkeen kiinnitt\u00e4mist\u00e4 helpottaa esimerkiksi koruneula, jollaisen voit hankkia useimmista askartelutarvikekaupoista. Useampia nauhoja k\u00e4ytt\u00e4ess\u00e4 on hyv\u00e4 tarkistaa etuk\u00e4teen nauhaa koskevat s\u00e4\u00e4nn\u00f6t, sill\u00e4 joitakin nauhoja koskee erin\u00e4isi\u00e4 s\u00e4\u00e4nt\u00f6j\u00e4, jotka vaikuttavat nauhan sijoitteluun.<\/span><\/p><p><strong>Pinssit<\/strong><\/p><p><span style=\"font-weight: 400;\">Prosessiteekkareilla j\u00e4senyyden symbolina toimii j\u00e4senpinssi, joka sijoitetaan vasempaan rinnukseen. J\u00e4senpinssin voit ostaa yhdistyksen hallitukselta pHuoneelta. J\u00e4senpinssin seurana voit k\u00e4ytt\u00e4\u00e4 my\u00f6s muiden tahojen, kuten kerhojen tai toisten yhdistysten, j\u00e4senpinssej\u00e4<\/span><\/p><p>[\/et_pb_text][\/et_pb_column][\/et_pb_row][et_pb_row column_structure=\"1_4,1_4,1_4,1_4\" _builder_version=\"4.23.1\" _module_preset=\"default\" width=\"100%\" max_width=\"1090px\" border_color_all=\"RGBA(255,255,255,0)\" global_colors_info=\"{}\"][et_pb_column type=\"1_4\" _builder_version=\"4.23.1\" _module_preset=\"default\" global_colors_info=\"{}\"][et_pb_image src=\"http:\/\/www.prosessiteekkarit.fi\/wp-content\/uploads\/2025\/09\/53252011240_b614d244c4_o-scaled.jpg\" title_text=\"53252011240_b614d244c4_o\" _builder_version=\"4.23.1\" _module_preset=\"default\" max_width=\"100%\" global_colors_info=\"{}\"][\/et_pb_image][\/et_pb_column][et_pb_column type=\"1_4\" _builder_version=\"4.23.1\" _module_preset=\"default\" global_colors_info=\"{}\"][et_pb_image src=\"http:\/\/www.prosessiteekkarit.fi\/wp-content\/uploads\/2025\/09\/53252014230_be4dc7be4d_o-scaled.jpg\" title_text=\"53252014230_be4dc7be4d_o\" _builder_version=\"4.23.1\" _module_preset=\"default\" max_width=\"100%\" global_colors_info=\"{}\"][\/et_pb_image][\/et_pb_column][et_pb_column type=\"1_4\" _builder_version=\"4.23.1\" _module_preset=\"default\" global_colors_info=\"{}\"][et_pb_image src=\"http:\/\/www.prosessiteekkarit.fi\/wp-content\/uploads\/2025\/09\/52425389775_01048269bb_k.jpg\" title_text=\"52425389775_01048269bb_k\" _builder_version=\"4.23.1\" _module_preset=\"default\" max_width=\"100%\" global_colors_info=\"{}\"][\/et_pb_image][\/et_pb_column][et_pb_column type=\"1_4\" _builder_version=\"4.23.1\" _module_preset=\"default\" global_colors_info=\"{}\"][et_pb_image src=\"http:\/\/www.prosessiteekkarit.fi\/wp-content\/uploads\/2025\/09\/52424929396_be744e6a60_o-scaled.jpg\" title_text=\"52424929396_be744e6a60_o\" _builder_version=\"4.23.1\" _module_preset=\"default\" max_width=\"100%\" global_colors_info=\"{}\"][\/et_pb_image][\/et_pb_column][\/et_pb_row][et_pb_row _builder_version=\"4.23.1\" _module_preset=\"default\" hover_enabled=\"0\" sticky_enabled=\"0\"][et_pb_column _builder_version=\"4.23.1\" _module_preset=\"default\" type=\"4_4\"][et_pb_text _builder_version=\"4.23.1\" _module_preset=\"default\" hover_enabled=\"0\" sticky_enabled=\"0\"]<\/p><p>Valokuvat vasemmalta oikealle: Elsa Kattainen, Elsa Kattainen, Markus Toivonen, Markus Toivonen<\/p><p>[\/et_pb_text][\/et_pb_column][\/et_pb_row][\/et_pb_section]<\/p>","_et_gb_content_width":"","footnotes":""},"class_list":["post-14433","page","type-page","status-publish","hentry"],"_links":{"self":[{"href":"https:\/\/www.prosessiteekkarit.fi\/en\/wp-json\/wp\/v2\/pages\/14433","targetHints":{"allow":["GET"]}}],"collection":[{"href":"https:\/\/www.prosessiteekkarit.fi\/en\/wp-json\/wp\/v2\/pages"}],"about":[{"href":"https:\/\/www.prosessiteekkarit.fi\/en\/wp-json\/wp\/v2\/types\/page"}],"author":[{"embeddable":true,"href":"https:\/\/www.prosessiteekkarit.fi\/en\/wp-json\/wp\/v2\/users\/1"}],"replies":[{"embeddable":true,"href":"https:\/\/www.prosessiteekkarit.fi\/en\/wp-json\/wp\/v2\/comments?post=14433"}],"version-history":[{"count":3,"href":"https:\/\/www.prosessiteekkarit.fi\/en\/wp-json\/wp\/v2\/pages\/14433\/revisions"}],"predecessor-version":[{"id":14437,"href":"https:\/\/www.prosessiteekkarit.fi\/en\/wp-json\/wp\/v2\/pages\/14433\/revisions\/14437"}],"wp:attachment":[{"href":"https:\/\/www.prosessiteekkarit.fi\/en\/wp-json\/wp\/v2\/media?parent=14433"}],"curies":[{"name":"wp","href":"https:\/\/api.w.org\/{rel}","templated":true}]}}