{"id":11315,"date":"2020-04-26T15:16:19","date_gmt":"2020-04-26T12:16:19","guid":{"rendered":"https:\/\/prosessiteekkarit.fi\/advocacy\/"},"modified":"2025-01-03T17:16:41","modified_gmt":"2025-01-03T15:16:41","slug":"advocacy","status":"publish","type":"page","link":"https:\/\/www.prosessiteekkarit.fi\/en\/advocacy\/","title":{"rendered":"Advocacy"},"content":{"rendered":"<p>[et_pb_section fb_built=&#8221;1&#8243; make_equal=&#8221;on&#8221; use_custom_gutter=&#8221;on&#8221; gutter_width=&#8221;1&#8243; specialty=&#8221;on&#8221; background_color_1=&#8221;#ffffff&#8221; background_color_2=&#8221;#ffffff&#8221; module_class_1=&#8221;sivupalkki_column&#8221; module_class_2=&#8221;sisalto_column&#8221; custom_css_main_1=&#8221;min-width: 250px;||max-width: 275px;||margin-right: 20px!important;&#8221; custom_css_main_2=&#8221;width: 100%&#8221; _builder_version=&#8221;4.16&#8243; background_color=&#8221;#ffffff&#8221; inner_width=&#8221;99%&#8221; inner_max_width=&#8221;99%&#8221; custom_padding=&#8221;0px|0px|0px|0px&#8221; use_custom_width=&#8221;on&#8221; width_unit=&#8221;off&#8221; custom_width_percent=&#8221;99%&#8221; global_colors_info=&#8221;{}&#8221;][et_pb_column type=&#8221;1_4&#8243; _builder_version=&#8221;4.16&#8243; custom_padding=&#8221;|||&#8221; global_colors_info=&#8221;{}&#8221; custom_padding__hover=&#8221;|||&#8221;][et_pb_sidebar area=&#8221;sidebar-1&#8243; show_border=&#8221;off&#8221; disabled_on=&#8221;on|on|&#8221; admin_label=&#8221;Sivupalkki&#8221; module_class=&#8221;sidebar&#8221; _builder_version=&#8221;4.16&#8243; body_font=&#8221;|700||on|||||&#8221; body_text_color=&#8221;#ffffff&#8221; body_font_size=&#8221;20px&#8221; body_letter_spacing=&#8221;3px&#8221; body_line_height=&#8221;1.5em&#8221; background_color=&#8221;#00965e&#8221; vertical_offset_tablet=&#8221;0&#8243; horizontal_offset_tablet=&#8221;0&#8243; text_orientation=&#8221;left&#8221; max_width_last_edited=&#8221;off|desktop&#8221; module_alignment=&#8221;left&#8221; min_height=&#8221;100%&#8221; custom_margin=&#8221;|||&#8221; custom_margin_last_edited=&#8221;off|desktop&#8221; custom_padding=&#8221;0px|0px|0px|33px&#8221; animation_style=&#8221;fade&#8221; animation_direction=&#8221;left&#8221; animation_duration=&#8221;800ms&#8221; z_index_tablet=&#8221;0&#8243; custom_css_main_element=&#8221;height: 100%;&#8221; header_text_shadow_horizontal_length_tablet=&#8221;0px&#8221; header_text_shadow_vertical_length_tablet=&#8221;0px&#8221; header_text_shadow_blur_strength_tablet=&#8221;1px&#8221; body_text_shadow_horizontal_length_tablet=&#8221;0px&#8221; body_text_shadow_vertical_length_tablet=&#8221;0px&#8221; body_text_shadow_blur_strength_tablet=&#8221;1px&#8221; border_color_right=&#8221;#330000&#8243; box_shadow_style=&#8221;preset6&#8243; box_shadow_horizontal_tablet=&#8221;0px&#8221; box_shadow_vertical_tablet=&#8221;0px&#8221; box_shadow_blur_tablet=&#8221;40px&#8221; box_shadow_spread_tablet=&#8221;0px&#8221; text_shadow_horizontal_length_tablet=&#8221;0px&#8221; text_shadow_vertical_length_tablet=&#8221;0px&#8221; text_shadow_blur_strength_tablet=&#8221;1px&#8221; collapsed=&#8221;off&#8221; global_colors_info=&#8221;{}&#8221;][\/et_pb_sidebar][\/et_pb_column][et_pb_column type=&#8221;3_4&#8243; specialty_columns=&#8221;3&#8243; _builder_version=&#8221;4.16&#8243; custom_padding=&#8221;|||&#8221; global_colors_info=&#8221;{}&#8221; custom_padding__hover=&#8221;|||&#8221;][et_pb_row_inner custom_padding_last_edited=&#8221;on|phone&#8221; admin_label=&#8221;Row&#8221; _builder_version=&#8221;4.16&#8243; background_color=&#8221;#ffffff&#8221; custom_margin_last_edited=&#8221;off|desktop&#8221; custom_padding=&#8221;30px|10px|0px|10px&#8221; custom_padding_tablet=&#8221;30px|15px|0px|15px&#8221; custom_padding_phone=&#8221;&#8221; animation_style=&#8221;slide&#8221; animation_direction=&#8221;top&#8221; global_colors_info=&#8221;{}&#8221;][et_pb_column_inner saved_specialty_column_type=&#8221;3_4&#8243; _builder_version=&#8221;4.16&#8243; custom_padding=&#8221;|||&#8221; global_colors_info=&#8221;{}&#8221; custom_padding__hover=&#8221;|||&#8221;][et_pb_post_title meta=&#8221;off&#8221; featured_image=&#8221;off&#8221; admin_label=&#8221;Otsikko&#8221; _builder_version=&#8221;4.16&#8243; custom_margin_tablet=&#8221;&#8221; custom_margin_phone=&#8221;&#8221; custom_margin_last_edited=&#8221;on|desktop&#8221; custom_padding=&#8221;|||&#8221; custom_padding_tablet=&#8221;|||&#8221; custom_padding_last_edited=&#8221;off|desktop&#8221; global_colors_info=&#8221;{}&#8221;]&nbsp;<br \/>\n[\/et_pb_post_title][\/et_pb_column_inner][\/et_pb_row_inner][et_pb_row_inner custom_padding_last_edited=&#8221;on|phone&#8221; admin_label=&#8221;Row&#8221; _builder_version=&#8221;4.16&#8243; background_color=&#8221;#ffffff&#8221; custom_margin_last_edited=&#8221;off|phone&#8221; custom_padding=&#8221;0px|10px|20px|10px&#8221; custom_padding_tablet=&#8221;0px|15px||15px&#8221; custom_padding_phone=&#8221;&#8221; animation_style=&#8221;fade&#8221; global_colors_info=&#8221;{}&#8221;][et_pb_column_inner saved_specialty_column_type=&#8221;3_4&#8243; _builder_version=&#8221;4.16&#8243; custom_padding=&#8221;|||&#8221; custom_padding_tablet=&#8221;||30px|&#8221; custom_padding_phone=&#8221;&#8221; custom_padding_last_edited=&#8221;on|phone&#8221; global_colors_info=&#8221;{}&#8221; custom_padding__hover=&#8221;|||&#8221;][et_pb_text admin_label=&#8221;Sis\u00e4lt\u00f6&#8221; _builder_version=&#8221;4.19.5&#8243; text_orientation=&#8221;justified&#8221; custom_padding_last_edited=&#8221;off|desktop&#8221; global_colors_info=&#8221;{}&#8221;]<\/p>\n<p><span style=\"font-weight: 400;\">The decisions that concern the members of the Association of Process Engineering Students are made in several administrative bodies of the School of Chemical Engineering. These include the Chemical Engineering Degree Programme Committee, Academic Committee for Chemical Engineering and the steering groups of departments. <\/span><\/p>\n<p><span style=\"font-weight: 400;\">Our association\u2019s interests are monitored by student representatives aka hallopeds, which are appointed by AYY. The call for student representatives is every autumn and no previous experience is needed! If you are interested, don\u2019t hesitate to apply!<\/span><\/p>\n<h2><strong>ADMINISTRATIVE BODIES<\/strong><\/h2>\n<p><b>Chemical Engineering Degree Programme Committee<\/b><\/p>\n<p><span style=\"font-weight: 400;\">The degree programme committee puts forth proposals to the school academic committee on the degree programme curricula, degree requirements and admission criteria. It also decides on the development of the degree programmes, assuring the quality of teaching and the processing of feedback, as well as appoints the persons approving bachelor\u2019s theses and decides on the topics, supervisor, and advisor(s) for the master\u2019s theses and evaluates the master\u2019s theses.<\/span><\/p>\n<p><i><span style=\"font-weight: 400;\">Members: <span>Ella Haravuori, Konsta Laajalehto, Esko Rae<\/span><br \/><\/span><\/i><i><span style=\"font-weight: 400;\">Deputies: <span>Elmo Eskelinen, Ellen J\u00e4rvinen, Ronja Korhonen<\/span><br \/><\/span><\/i><\/p>\n<p><b>Academic Committee for Chemical Engineering<\/b><\/p>\n<p><span style=\"font-weight: 400;\">The academic committee makes proposals on school-specific curriculum, degree requirements, admission requirements and other matters relating to academic activities. It also decides on the arrangements for the conferral of degrees and the conferral of the title of Honorary Doctor.<\/span><\/p>\n<p><i>Members: <span>Elmo Eskelinen, Ronja Korhonen, Henna Liljanko<\/span><br \/>Deputies: <span>Santeri K\u00e4m\u00e4r\u00e4inen, Konsta Laajalehto, Esko Rae<\/span><br \/><\/i><\/p>\n<p><b>Steering groups of the Departments of the School of Chemical Engineering:<\/b><\/p>\n<p><span style=\"font-weight: 400;\">The financial and administerial matters of the departments are managed by the steering groups of the departments.<\/span><\/p>\n<p><b>Steering group of the Department of Bioproducts and Biosystems (BIO2)<\/b><\/p>\n<p><i>Member: <span>Konsta Laajalehto<\/span><br \/>Deputy: <span>Santeri K\u00e4m\u00e4r\u00e4inen<\/span><br \/><\/i><\/p>\n<p><b>Steering group of the Department of Chemistry and Materials Science (CMAT)<\/b><\/p>\n<p><i>Member: <span>Hanna Kujanp\u00e4\u00e4<\/span><br \/>Deputy: Esko Rae<br \/><\/i><\/p>\n<p><b>Steering group of the Department of Chemical and Metallurgical Engineering (CMET)<\/b><\/p>\n<p><i>Member: Henna Liljanko<br \/>Deputy: Esko Rae<\/i><\/p>\n<p><b>School of Chemical Engineering Management Group<\/b><\/p>\n<p><span style=\"font-weight: 400;\">The members of the School of Chemical Engineering Management Team are the dean, vice deans, heads of the school&#8217;s departments and the school&#8217;s services. The management team provides a platform for discussing operative matters and preparing issues for decision-making in other bodies.<\/span><\/p>\n<p><i>Member: <span>Hanna Kujanp\u00e4\u00e4<\/span><br \/>Deputy: Umer Amin<br \/><\/i><\/p>\n<p><b>Doctoral Programme Committee in Chemical Engineering<\/b><\/p>\n<p>The doctoral programme committee shall develop the content of the doctoral programmes and the joint studies offered by the school, put forth proposals to the school academic committee on the fields of research in doctoral programmes and prepare proposals for the dean on admission of doctoral students. The Doctoral Programme Committee also handles the administrative side of dissertations such as decides on the permission for public defence of dissertations and evaluates the dissertations.<\/p>\n<p><i>Member: Member not selected<br \/>Deputy: <\/i><\/p>\n<p><strong>School of Chemical Engineering Equality, Diversity and Inclusion\u00a0(EDI) Committee<\/strong><\/p>\n<p>The EDI committee promotes the sustainable social and cultural development as well as the equality, diversity and inclusions acts of the school. The committee also participates in the yearly EDI meeting arranged by the university&#8217;s EDI committee.<\/p>\n<p><i>Member: <em>Emilia Porttinen<\/em><br \/>Deputy: Member not selected<\/i><\/p>\n<p><b>School of Chemical Engineering Student Marketing Group<\/b><\/p>\n<p><span style=\"font-weight: 400;\">The student marketing group of the School of Chemical Engineering includes representatives of the study services and communications of the School and a representative of Aalto University marketing. The marketing group discusses how the School of Chemical Engineering should reach new students.<\/span><\/p>\n<p><i>Member: Ella Haravuori<br \/>Deputy: Saimi Ter\u00e4v\u00e4inen<\/i><\/p>\n<p><b>Teaching Competence Assessment Committee &#8211; School of Chemical Engineering (TCAC)<\/b><\/p>\n<p><span style=\"font-weight: 400;\">The dean-appointed committee evaluates applicants&#8217; teaching skills in the recruitment and advancement stages of their career paths. The assessment is made on the basis of teaching portfolios, teaching samples and interviews, using the common operating methods of all Aalto schools.<\/span><\/p>\n<p><i>Members: <span>Viti Hirvenoja, Santeri K\u00e4m\u00e4r\u00e4inen<\/span><br \/>Deputies: <span><em>Hanna Kujanp\u00e4\u00e4, Tiiu N\u00e4r\u00e4nen<\/em><\/span><\/i><\/p>\n<p><span style=\"font-weight: 400;\">More information about hallopeds can be found <\/span><a href=\"https:\/\/beta.halloped.fi\/en\/aalto.fi\/get-started\"><span style=\"font-weight: 400;\">here<\/span><\/a><span style=\"font-weight: 400;\">.<\/span><\/p>\n<p>[\/et_pb_text][\/et_pb_column_inner][\/et_pb_row_inner][\/et_pb_column][\/et_pb_section]<\/p>\n","protected":false},"excerpt":{"rendered":"<p>&nbsp; The decisions that concern the members of the Association of Process Engineering Students are made in several administrative bodies of the School of Chemical Engineering. These include the Chemical Engineering Degree Programme Committee, Academic Committee for Chemical Engineering and the steering groups of departments. Our association\u2019s interests are monitored by student representatives aka hallopeds, [&hellip;]<\/p>\n","protected":false},"author":1,"featured_media":0,"parent":0,"menu_order":0,"comment_status":"closed","ping_status":"closed","template":"","meta":{"_et_pb_use_builder":"on","_et_pb_old_content":"","_et_gb_content_width":"","footnotes":""},"class_list":["post-11315","page","type-page","status-publish","hentry"],"_links":{"self":[{"href":"https:\/\/www.prosessiteekkarit.fi\/en\/wp-json\/wp\/v2\/pages\/11315","targetHints":{"allow":["GET"]}}],"collection":[{"href":"https:\/\/www.prosessiteekkarit.fi\/en\/wp-json\/wp\/v2\/pages"}],"about":[{"href":"https:\/\/www.prosessiteekkarit.fi\/en\/wp-json\/wp\/v2\/types\/page"}],"author":[{"embeddable":true,"href":"https:\/\/www.prosessiteekkarit.fi\/en\/wp-json\/wp\/v2\/users\/1"}],"replies":[{"embeddable":true,"href":"https:\/\/www.prosessiteekkarit.fi\/en\/wp-json\/wp\/v2\/comments?post=11315"}],"version-history":[{"count":12,"href":"https:\/\/www.prosessiteekkarit.fi\/en\/wp-json\/wp\/v2\/pages\/11315\/revisions"}],"predecessor-version":[{"id":14018,"href":"https:\/\/www.prosessiteekkarit.fi\/en\/wp-json\/wp\/v2\/pages\/11315\/revisions\/14018"}],"wp:attachment":[{"href":"https:\/\/www.prosessiteekkarit.fi\/en\/wp-json\/wp\/v2\/media?parent=11315"}],"curies":[{"name":"wp","href":"https:\/\/api.w.org\/{rel}","templated":true}]}}